{"id":5290,"date":"2019-02-04T16:16:55","date_gmt":"2019-02-04T16:16:55","guid":{"rendered":"https:\/\/www.linbis.com\/?page_id=5290"},"modified":"2019-02-04T16:17:00","modified_gmt":"2019-02-04T16:17:00","slug":"calculadora-de-envios","status":"publish","type":"page","link":"https:\/\/www.linbis.com\/es\/calculadora-de-envios\/","title":{"rendered":"Calculadora de env\u00edos"},"content":{"rendered":"<div id=\"shortcode-c09aee8f7b2ec056c87978bba983900e\" class=\"pb-section stretch_row_content_no_paddings\">\n<div class=\"container-fluid\">\n<div class=\"row\">\n<div class=\"col-xs-12 layout-col\" id=\"shortcode-2e0c65f26886a98e9b0199e2885a9273\">\n<div class=\"wproto-slider-container\">\n<div id=\"rev_slider_3_1_wrapper\" class=\"rev_slider_wrapper fullwidthbanner-container\" style=\"margin:0px auto;background-color:transparent;padding:0px;margin-top:0px;margin-bottom:0px\">\n<!-- START REVOLUTION SLIDER 5.3.1 fullwidth mode --><\/p>\n<div id=\"rev_slider_3_1\" class=\"rev_slider fullwidthabanner tp-overflow-hidden\">\n<ul>\t<!-- SLIDE  --><\/p>\n<li>\n\t\t<!-- MAIN IMAGE --><br \/>\n\t\t<img fetchpriority=\"high\" decoding=\"async\" src=\"https:\/\/www.linbis.com\/wp-content\/plugins\/revslider\/admin\/assets\/images\/dummy.png\" alt=\"ltl shipping, ltl carriers, feight companies, freight, Linbis - logistics automation\" title=\"linbis-headquaters\" width=\"1920\" height=\"500\" class=\"rev-slidebg\"><br \/>\n\t\t<!-- LAYERS --><\/p>\n<p>\t\t<!-- LAYER NR. 1 --><\/p>\n<div class=\"tp-caption tp-shape tp-shapewrapper  tp-resizeme  duotone-turquoise\" id=\"slide-5-layer-1\"> <\/div>\n<p>\t\t<!-- LAYER NR. 2 --><\/p>\n<div class=\"tp-caption   tp-resizeme\" id=\"slide-5-layer-2\">Linbis Sistema Logistico  <\/div>\n<p>\t\t<!-- LAYER NR. 3 --><\/p>\n<div class=\"tp-caption   tp-resizeme\" id=\"slide-5-layer-3\">Software Log\u00edstico para agencias de carga para llevar a cabo la organizaci\u00f3n de su empresa,  servicio, env\u00edos, cargas y consolidaciones todo en las nubes. Gratis!!! <\/div>\n<p>\t\t<!-- LAYER NR. 4 --><\/p>\n<div class=\"tp-caption rev-btn  tp-resizeme\" id=\"slide-5-layer-4\"><a class=\"lightbox\" href=\"https:\/\/app.linbis.com\/\">INGRESAR &rsaquo;<\/a> <\/div>\n<p>\t\t<!-- LAYER NR. 5 --><\/p>\n<div class=\"tp-caption rev-btn  tp-resizeme\" id=\"slide-5-layer-6\"><a href=\"https:\/\/www.linbis.com\/es\/precios\/\">REGISTRARSE AHORA &rsaquo;<\/a> <\/div>\n<p>\t\t<!-- LAYER NR. 6 --><\/p>\n<div class=\"tp-caption   tp-resizeme\" id=\"slide-5-layer-8\"><img decoding=\"async\" src=\"https:\/\/www.linbis.com\/wp-content\/plugins\/revslider\/admin\/assets\/images\/dummy.png\" alt=\"Linbis - Logistics Software As a Service, Freight Forwarding Software,\" width=\"632\" height=\"378\"> <\/div>\n<\/li>\n<\/ul>\n<div class=\"tp-bannertimer tp-bottom\"><\/div>\n<\/p><\/div>\n<p>\t\t\t\t\t\t.custom.tp-bullets{}.custom.tp-bullets:before{content:&#8221; &#8220;;position:absolute;width:100%;height:100%;background:transparent;padding:10px;margin-left:-10px;margin-top:-10px;box-sizing:content-box}.custom .tp-bullet{width:12px;height:12px;position:absolute;background:#aaa;  background:rgba(125,125,125,0.5);cursor:pointer;box-sizing:content-box}.custom .tp-bullet:hover,.custom .tp-bullet.selected{background:rgb(125,125,125)}.custom .tp-bullet-image{}.custom .tp-bullet-title{}\n\t\t\t\t<\/p><\/div>\n<p><!-- END REVOLUTION SLIDER --><\/div>\n<\/div>\n<\/div><\/div>\n<\/div>\n<div class=\"row-full-width\"><\/div>\n<div id=\"shortcode-39c64bc6ce9a0490244c02711a8169fb\" class=\"pb-section stretch_row\">\n<div class=\"container-fluid\">\n<div class=\"row\">\n<div class=\"col-xs-12 col-sm-2 layout-col\" id=\"shortcode-1811913f9fe63d0e878a91a6892614ba\">\n\t<\/div>\n<div class=\"col-xs-12 col-sm-8 layout-col\" id=\"shortcode-d0d8aec323c4fc29c176e9245ff03b13\">\n<h1 id=\"shortcode-3a2a92057812a33b59f1e9ff6bdab323\" class=\"wow fadeInUp\">Calculadora de los costo de un env\u00edo<\/h1>\n<p>Con la llegada del comercio electr\u00f3nico (e-commerce) ahora podemos tener m\u00e1s acceso, a gran parte de los aspectos del mercado. Tambi\u00e9n gracias a las nuevas tecnolog\u00edas, ahora se puede pedir telas, juguetes, veh\u00edculos, productos electr\u00f3nicos y muchos otros productos. Y desde cualquier parte del mundo y recibirlos al instante en la puerta de su casa. Sin embargo, cuando se solicita un art\u00edculo espec\u00edfico, se debe poder calcular el costo del env\u00edo o incluso estimar cu\u00e1nto es el precio que posiblemente tenga que pagar ud. por el env\u00edo de un art\u00edculo determinado.\u00a0Hoy en d\u00eda, se puede utilizar la calculadora de tarifas de flete. Para as\u00ed determinar cuales son los precios globales de importaci\u00f3n y de exportaci\u00f3n en un instante. Es m\u00e1s f\u00e1cil calcular el costo de un env\u00edo internacional en m\u00e1s de 220 pa\u00edses.<\/p>\n<h2>\u00bfQu\u00e9 es la una calculadora de env\u00edos?<\/h2>\n<p>Una calculadora de env\u00edos, es una herramienta que ofrece todas las opciones de env\u00edo. Ayuda a las personas, especialmente aquellas que son nuevas en el env\u00edo internacional, a tomar las mejores decisiones con respecto a los env\u00edos internacionales. Ademas, le ofrece una puerta de entrada al env\u00edo internacional. Al ayudarlo a calcular f\u00e1cilmente el costo de un env\u00edo y al mismo tiempo comparar todas las tarifas de un env\u00edo.<\/p>\n<h2>\u00bfQu\u00e9 factores son los que afectan el costo de un env\u00edo internacional?<\/h2>\n<p>Los factores que afecta el costo de un env\u00edo internacional; por ejemplo, es cuando ud. se va a un transportista a solicitar que un paquete determinado que se env\u00ede a un lugar y hay varias opciones que le ofrecen. Cada una de las opciones tiene un precio diferente. Sin embargo, hay muy pocas personas que pueden determinar que son realmente esas tasas. En este momento, le mostraremos c\u00f3mo se determinan estas tasas.<\/p>\n<h3>Tama\u00f1o del env\u00edo:<\/h3>\n<p>Esto es lo primero que se determina la cantidad de dinero que ud. va a pagar por todo el proceso. Es un factor muy determinante y clave de la tasa de env\u00edo. El hecho es que cuanto m\u00e1s grande sea su paquete, m\u00e1s dinero pagar\u00e1 por eso. Por ejemplo, en la carga de LTL, siempre costar\u00e1 menos que el enviarlo en un FTL.<\/p>\n<h3>El peso de su env\u00edo:<\/h3>\n<p>Junto con el tama\u00f1o del art\u00edculo que desea enviar, el peso de ese producto espec\u00edfico tambi\u00e9n determina las tarifas de env\u00edo. El hecho es que el peso de su env\u00edo se afecta en gran medida por la tasa de env\u00edo. Esto significa, que cuanto m\u00e1s pesado sea el paquete, m\u00e1s dinero tendr\u00e1 que pagar por todo el proceso. Cuando ud. est\u00e9 buscando enviar cualquier art\u00edculo, aseg\u00farese primero de estar dispuesto y en condiciones de pagar por el peso adicional.<\/p>\n<h2>La rapidez con la que se entregar\u00e1 un art\u00edculo.<\/h2>\n<p>El hecho es que si ud. desea que un art\u00edculo se entregue muy r\u00e1pido, primero lo que debe estar listo para los costos adicionales. La mayor\u00eda de los transportistas pueden entregar lo suficientemente r\u00e1pido con un costo adicional. Sin embargo, si ud. puede tiene m\u00e1s tiempo, entonces pueden obtener un mejor y mayor ahorro.<\/p>\n<h2>C\u00f3mo funciona la calculadora de env\u00edos<\/h2>\n<p>Una calculadora de env\u00edos puede ser una de la herramienta m\u00e1s \u00fatil, especialmente cuando se trata de las compras internacionales. Esta herramienta siempre est\u00e1 disponible para que usted pueda tener todas las tarifas de un env\u00edo y los detalles del servicio a su alcance. Toda esta informaci\u00f3n est\u00e1 disponible siempre, de una manera muy f\u00e1cil y sencilla para as\u00ed facilitarle la muestra de todos los elementos b\u00e1sicos de un env\u00edo.<\/p>\n<p>Los componentes de una calculadora de env\u00edos, est\u00e1n determinados por el usuario. Sin embargo, esta herramienta te muestra todos los conceptos b\u00e1sicos. Se requiere de la informaci\u00f3n sobre de d\u00f3nde viene el env\u00edo, a d\u00f3nde va, qu\u00e9 es la carga y cu\u00e1ndo se debe entregar.<\/p>\n<p>Algunas otras calculadoras de env\u00edo un poco m\u00e1s avanzadas. Se puede solicitar los precios en diferentes niveles de servicios. Incluyen los componentes como la recogida de la carga y el despacho al cliente o la entrega de la carga.<\/p>\n<h2>\u00bfC\u00f3mo comparar las tarifas de un env\u00edo con m\u00faltiples transportistas?<\/h2>\n<p>En la mayor\u00eda de los casos, y especialmente cuando se desea viajar de un lugar X a un lugar Y. Es muy f\u00e1cil encontrar las opciones m\u00e1s econ\u00f3micas que hay en el mercado. Pero cuando se trata de enviar un art\u00edculo de un lugar a otro, no es tan f\u00e1cil como parece. Lo bueno, es que hoy en d\u00eda hay muchas herramientas de env\u00edo que lo pueden ayudar en este caso.<\/p>\n<p>La calculadora de env\u00edos le brinda una plataforma para comparar los costos de env\u00edo de un destino a otro. Si desea utilizar la calculadora de env\u00edos para este prop\u00f3sito, entonces el proceso es muy f\u00e1cil. Solo tienes que encontrar el sitio de env\u00edo en su pa\u00eds. Despu\u00e9s ud. puede usar la calculadora de costos de env\u00edo. Para comparar los costos de env\u00edo para cuando necesite que se le entregue el art\u00edculo.<\/p>\n<p>En t\u00e9rminos m\u00e1s simples, solo se necesita que ud. ingrese su c\u00f3digo postal y el lugar desde donde se realiza el env\u00edo. Despu\u00e9s de eso, seleccione el otro destino al que desea que se va el art\u00edculo y esta herramienta lo ayudar\u00e1 a comparar los costos de env\u00edo.<\/p>\n<h2>\u00bfC\u00f3mo obtener la mejor tarifa de env\u00edo?<\/h2>\n<p>Ahora se puede comparar las diferentes tasas de env\u00edo, y as\u00ed es muy f\u00e1cil determinar cual es la oferta de env\u00edo m\u00e1s barata. Hay varias compa\u00f1\u00edas que se ocupan del env\u00edo, en el mercado hoy en d\u00eda y por esta raz\u00f3n, obtendr\u00e1 las tarifas que cobran cada una de ellas. Despu\u00e9s de eso, para ver cu\u00e1l de las compa\u00f1\u00edas cumplen con el presupuesto que se le env\u00edo.<\/p>\n<h2>\u00bfC\u00f3mo la calculadora de env\u00edos le ayuda a reducir sus costos?<\/h2>\n<p>La calculadora de env\u00edos le brinda toda la informaci\u00f3n que ud. necesita para establecer un buen negocio. Lo primero es que esta herramienta le ayuda a determinar la oferta m\u00e1s barata en el mercado. La otra cosa es que comparar\u00e1 las ofertas en el mercado y le dar\u00e1 la que se adapte mejor a su presupuesto. No tiene que ir con el m\u00e1s caro, mientras que puede obtener uno m\u00e1s barato y a\u00fan as\u00ed obtener el art\u00edculo enviado.<\/p>\n<h2>Ventajas de la comparaci\u00f3n de costos de env\u00edo entre m\u00faltiples empresas.<\/h2>\n<p>Uno de los factores que determina el m\u00e9todo de env\u00edo, es el costo de env\u00edo. Con una calculadora de env\u00edos es que se le puede ofrece una manera m\u00e1s f\u00e1cil de comparar esos precios. El primero de los beneficio que se obtienen de esto, es que se puede ver la mejor compa\u00f1\u00eda que ofrece las tarifas m\u00e1s bajas. Compare ud. todas las tarifas de env\u00edo y verifique que incluyen el servicio, negocie y haga un seguimiento a varias cotizaciones.<\/p>\n<p>Tambi\u00e9n es muy f\u00e1cil para usted determinar la mejor compa\u00f1\u00eda que realiza env\u00edos en su \u00e1rea local. No importa si usted es due\u00f1o de un negocio o solo un cliente que est\u00e1 comprando productos a nivel mundial. Poder comparar los precios puede ser una de las mejores cosas en su vida. Las peque\u00f1as empresas se centran en brindarle a ud. el mejor servicio al menor costo.<\/p>\n<h2>\u00bfPuede cambiar la cotizaci\u00f3n de un env\u00edo?<\/h2>\n<p>Una calculadora de env\u00edos hace el c\u00e1lculo del tiempo y del costo de entregar de un art\u00edculo al destino. Sin embargo, aunque se puede predeterminar el costo de env\u00edo, hay varios factores que pueden cambiar dentro del per\u00edodo. Lo que significa es que la tasa puede cambiar de vez en cuando. La calculadora de costos de env\u00edo le ayuda a ud. calcular los costos de env\u00edo para enviar un paquete de un lugar a otro. La cotizaci\u00f3n del env\u00edo se puede cambiar dependiendo de la disponibilidad de camiones y tiempo de estos. Sin embargo hay que estimar que no se deber\u00eda cambiar. Es buena idea, conocer un poco m\u00e1s de los incoterms a utilizar, como el FOB y el EX Works.<\/p>\n<h2>\u00bfCu\u00e1l es el m\u00e9todo de env\u00edo internacional m\u00e1s barato? \u00bfEs a trav\u00e9s de las compa\u00f1\u00edas peque\u00f1as o grandes?<\/h2>\n<p>Las peque\u00f1as empresas tienen un tiempo f\u00e1cil para determinar el m\u00e9todo m\u00e1s barato para enviar sus productos. Sin embargo, en la mayor\u00eda de los casos, las compa\u00f1\u00edas peque\u00f1as pueden ser mejores para sus env\u00edos. Si est\u00e1n empezando por lo tanto, est\u00e1n muy dispuestos a aceptar precios m\u00e1s bajos para establecerse en el mercado.<\/p>\n<h2>Linbis para los transportista y los proveedores de servicios log\u00edsticos<\/h2>\n<p>El software Linbis ofrece una plataforma log\u00edstica para todos los proveedores de servicios de env\u00edo y log\u00edstica. Con la plataforma Linbis, el remitente puede comparar las tarifas de env\u00edo con m\u00faltiples LSP desde peque\u00f1as compa\u00f1\u00edas de env\u00edo hasta las m\u00e1s grandes.<\/p>\n<h2>Las ventajas de Linbis para el remitente:<\/h2>\n<ul>\n<li>Comun\u00edquese y colabore con muchas compa\u00f1\u00edas navieras peque\u00f1as que utilizan nuestra tecnolog\u00eda para administrar sus env\u00edos.<\/li>\n<li>Compare las tarifas de los env\u00edos.<\/li>\n<li>Al elegir las compa\u00f1\u00edas de env\u00edo peque\u00f1as, puede obtener mejores ofertas en su pr\u00f3ximo pedido de env\u00edo.<\/li>\n<li>Es muy f\u00e1cil contratar a un proveedor de env\u00edo a trav\u00e9s de la plataforma Linbis.<\/li>\n<li>El seguimiento de su env\u00edo es a trav\u00e9s de la aplicaci\u00f3n en la nube de Linbis.<\/li>\n<li>Usted puede administrar su inventario GRATIS! S\u00ed, puedes usar Linbis para administrar tu inventario y el env\u00edo, de forma gratuita.<\/li>\n<li>Usted nos paga y nos aseguraremos de que su paquete se entregue seg\u00fan sus especificaciones. En otras palabras, le pagamos a LSP (proveedor de servicios de log\u00edstica cuando se realiza el trabajo).<\/li>\n<li>El flujo de trabajo del proceso de env\u00edo se crea autom\u00e1ticamente mediante la tecnolog\u00eda Linbis<\/li>\n<\/ul>\n<p>-\u00a1\u00a1Y mucho m\u00e1s!!<\/p>\n<\/div>\n<div class=\"col-xs-12 col-sm-2 layout-col\" id=\"shortcode-8df3e9cd6d92eabf98b144673886bb72\">\n\t<\/div>\n<\/div><\/div>\n<\/div>\n<div class=\"row-full-width\"><\/div>\n<p><!-- b059e932e76bc89eef4948344c338eaf --><\/p>\n","protected":false},"excerpt":{"rendered":"<p>Linbis Sistema Logistico Software Log\u00edstico para agencias de carga para llevar a cabo la organizaci\u00f3n de su empresa, servicio, env\u00edos, cargas y consolidaciones todo en las nubes. Gratis!!! INGRESAR &rsaquo; REGISTRARSE AHORA &rsaquo; .custom.tp-bullets{}.custom.tp-bullets:before{content:&#8221; &#8220;;position:absolute;width:100%;height:100%;background:transparent;padding:10px;margin-left:-10px;margin-top:-10px;box-sizing:content-box}.custom .tp-bullet{width:12px;height:12px;position:absolute;background:#aaa; background:rgba(125,125,125,0.5);cursor:pointer;box-sizing:content-box}.custom .tp-bullet:hover,.custom .tp-bullet.selected{background:rgb(125,125,125)}.custom .tp-bullet-image{}.custom .tp-bullet-title{} Calculadora de los costo de un env\u00edo Con la llegada del comercio electr\u00f3nico (e-commerce) [&hellip;]<\/p>\n","protected":false},"author":7,"featured_media":0,"parent":0,"menu_order":0,"comment_status":"closed","ping_status":"closed","template":"","meta":{"_monsterinsights_skip_tracking":false,"_monsterinsights_sitenote_active":false,"_monsterinsights_sitenote_note":"","_monsterinsights_sitenote_category":0,"footnotes":""},"class_list":["post-5290","page","type-page","status-publish","hentry"],"yoast_head":"<!-- This site is optimized with the Yoast SEO Premium plugin v22.5 (Yoast SEO v23.3) - https:\/\/yoast.com\/wordpress\/plugins\/seo\/ -->\n<title>Calculadora de env\u00edos - Linbis Logistics Software<\/title>\n<meta name=\"description\" content=\"La calculadora de envios se utiliza para establecer y determinar cuales son los precios globales de importaci\u00f3n y de exportaci\u00f3n en un momemto determinado.\" \/>\n<meta name=\"robots\" content=\"index, follow, max-snippet:-1, max-image-preview:large, max-video-preview:-1\" \/>\n<link rel=\"canonical\" href=\"https:\/\/www.linbis.com\/es\/calculadora-de-envios\/\" \/>\n<meta property=\"og:locale\" content=\"es_ES\" \/>\n<meta property=\"og:type\" content=\"article\" \/>\n<meta property=\"og:title\" content=\"Calculadora de env\u00edos\" \/>\n<meta property=\"og:description\" content=\"La calculadora de envios se utiliza para establecer y determinar cuales son los precios globales de importaci\u00f3n y de exportaci\u00f3n en un momemto determinado.\" \/>\n<meta property=\"og:url\" content=\"https:\/\/www.linbis.com\/es\/calculadora-de-envios\/\" \/>\n<meta property=\"og:site_name\" content=\"Linbis Logistics Software\" \/>\n<meta property=\"article:publisher\" content=\"https:\/\/www.facebook.com\/linbiscloud\/\" \/>\n<meta property=\"article:modified_time\" content=\"2019-02-04T16:17:00+00:00\" \/>\n<meta property=\"og:image\" content=\"https:\/\/www.linbis.com\/wp-content\/plugins\/revslider\/admin\/assets\/images\/dummy.png\" \/>\n<meta name=\"twitter:card\" content=\"summary_large_image\" \/>\n<meta name=\"twitter:label1\" content=\"Est. reading time\" \/>\n\t<meta name=\"twitter:data1\" content=\"9 minutes\" \/>\n<script type=\"application\/ld+json\" class=\"yoast-schema-graph\">{\"@context\":\"https:\/\/schema.org\",\"@graph\":[{\"@type\":\"WebPage\",\"@id\":\"https:\/\/www.linbis.com\/es\/calculadora-de-envios\/\",\"url\":\"https:\/\/www.linbis.com\/es\/calculadora-de-envios\/\",\"name\":\"Calculadora de env\u00edos - Linbis Logistics Software\",\"isPartOf\":{\"@id\":\"https:\/\/www.linbis.com\/es\/#website\"},\"primaryImageOfPage\":{\"@id\":\"https:\/\/www.linbis.com\/es\/calculadora-de-envios\/#primaryimage\"},\"image\":{\"@id\":\"https:\/\/www.linbis.com\/es\/calculadora-de-envios\/#primaryimage\"},\"thumbnailUrl\":\"https:\/\/www.linbis.com\/wp-content\/plugins\/revslider\/admin\/assets\/images\/dummy.png\",\"datePublished\":\"2019-02-04T16:16:55+00:00\",\"dateModified\":\"2019-02-04T16:17:00+00:00\",\"description\":\"La calculadora de envios se utiliza para establecer y determinar cuales son los precios globales de importaci\u00f3n y de exportaci\u00f3n en un momemto determinado.\",\"breadcrumb\":{\"@id\":\"https:\/\/www.linbis.com\/es\/calculadora-de-envios\/#breadcrumb\"},\"inLanguage\":\"es-ES\",\"potentialAction\":[{\"@type\":\"ReadAction\",\"target\":[\"https:\/\/www.linbis.com\/es\/calculadora-de-envios\/\"]}]},{\"@type\":\"ImageObject\",\"inLanguage\":\"es-ES\",\"@id\":\"https:\/\/www.linbis.com\/es\/calculadora-de-envios\/#primaryimage\",\"url\":\"https:\/\/www.linbis.com\/wp-content\/plugins\/revslider\/admin\/assets\/images\/dummy.png\",\"contentUrl\":\"https:\/\/www.linbis.com\/wp-content\/plugins\/revslider\/admin\/assets\/images\/dummy.png\"},{\"@type\":\"BreadcrumbList\",\"@id\":\"https:\/\/www.linbis.com\/es\/calculadora-de-envios\/#breadcrumb\",\"itemListElement\":[{\"@type\":\"ListItem\",\"position\":1,\"name\":\"Home\",\"item\":\"https:\/\/www.linbis.com\/es\/\"},{\"@type\":\"ListItem\",\"position\":2,\"name\":\"Calculadora de env\u00edos\"}]},{\"@type\":\"WebSite\",\"@id\":\"https:\/\/www.linbis.com\/es\/#website\",\"url\":\"https:\/\/www.linbis.com\/es\/\",\"name\":\"Linbis Logistics Software\",\"description\":\"Logistic Software\",\"publisher\":{\"@id\":\"https:\/\/www.linbis.com\/es\/#organization\"},\"potentialAction\":[{\"@type\":\"SearchAction\",\"target\":{\"@type\":\"EntryPoint\",\"urlTemplate\":\"https:\/\/www.linbis.com\/es\/?s={search_term_string}\"},\"query-input\":\"required name=search_term_string\"}],\"inLanguage\":\"es-ES\"},{\"@type\":\"Organization\",\"@id\":\"https:\/\/www.linbis.com\/es\/#organization\",\"name\":\"Linbis, Inc.\",\"url\":\"https:\/\/www.linbis.com\/es\/\",\"logo\":{\"@type\":\"ImageObject\",\"inLanguage\":\"es-ES\",\"@id\":\"https:\/\/www.linbis.com\/es\/#\/schema\/logo\/image\/\",\"url\":\"https:\/\/www.linbis.com\/wp-content\/uploads\/2017\/03\/logo2x.png\",\"contentUrl\":\"https:\/\/www.linbis.com\/wp-content\/uploads\/2017\/03\/logo2x.png\",\"width\":494,\"height\":170,\"caption\":\"Linbis, Inc.\"},\"image\":{\"@id\":\"https:\/\/www.linbis.com\/es\/#\/schema\/logo\/image\/\"},\"sameAs\":[\"https:\/\/www.facebook.com\/linbiscloud\/\"]}]}<\/script>\n<!-- \/ Yoast SEO Premium plugin. -->","yoast_head_json":{"title":"Calculadora de env\u00edos - Linbis Logistics Software","description":"La calculadora de envios se utiliza para establecer y determinar cuales son los precios globales de importaci\u00f3n y de exportaci\u00f3n en un momemto determinado.","robots":{"index":"index","follow":"follow","max-snippet":"max-snippet:-1","max-image-preview":"max-image-preview:large","max-video-preview":"max-video-preview:-1"},"canonical":"https:\/\/www.linbis.com\/es\/calculadora-de-envios\/","og_locale":"es_ES","og_type":"article","og_title":"Calculadora de env\u00edos","og_description":"La calculadora de envios se utiliza para establecer y determinar cuales son los precios globales de importaci\u00f3n y de exportaci\u00f3n en un momemto determinado.","og_url":"https:\/\/www.linbis.com\/es\/calculadora-de-envios\/","og_site_name":"Linbis Logistics Software","article_publisher":"https:\/\/www.facebook.com\/linbiscloud\/","article_modified_time":"2019-02-04T16:17:00+00:00","og_image":[{"url":"https:\/\/www.linbis.com\/wp-content\/plugins\/revslider\/admin\/assets\/images\/dummy.png"}],"twitter_card":"summary_large_image","twitter_misc":{"Est. reading time":"9 minutes"},"schema":{"@context":"https:\/\/schema.org","@graph":[{"@type":"WebPage","@id":"https:\/\/www.linbis.com\/es\/calculadora-de-envios\/","url":"https:\/\/www.linbis.com\/es\/calculadora-de-envios\/","name":"Calculadora de env\u00edos - Linbis Logistics Software","isPartOf":{"@id":"https:\/\/www.linbis.com\/es\/#website"},"primaryImageOfPage":{"@id":"https:\/\/www.linbis.com\/es\/calculadora-de-envios\/#primaryimage"},"image":{"@id":"https:\/\/www.linbis.com\/es\/calculadora-de-envios\/#primaryimage"},"thumbnailUrl":"https:\/\/www.linbis.com\/wp-content\/plugins\/revslider\/admin\/assets\/images\/dummy.png","datePublished":"2019-02-04T16:16:55+00:00","dateModified":"2019-02-04T16:17:00+00:00","description":"La calculadora de envios se utiliza para establecer y determinar cuales son los precios globales de importaci\u00f3n y de exportaci\u00f3n en un momemto determinado.","breadcrumb":{"@id":"https:\/\/www.linbis.com\/es\/calculadora-de-envios\/#breadcrumb"},"inLanguage":"es-ES","potentialAction":[{"@type":"ReadAction","target":["https:\/\/www.linbis.com\/es\/calculadora-de-envios\/"]}]},{"@type":"ImageObject","inLanguage":"es-ES","@id":"https:\/\/www.linbis.com\/es\/calculadora-de-envios\/#primaryimage","url":"https:\/\/www.linbis.com\/wp-content\/plugins\/revslider\/admin\/assets\/images\/dummy.png","contentUrl":"https:\/\/www.linbis.com\/wp-content\/plugins\/revslider\/admin\/assets\/images\/dummy.png"},{"@type":"BreadcrumbList","@id":"https:\/\/www.linbis.com\/es\/calculadora-de-envios\/#breadcrumb","itemListElement":[{"@type":"ListItem","position":1,"name":"Home","item":"https:\/\/www.linbis.com\/es\/"},{"@type":"ListItem","position":2,"name":"Calculadora de env\u00edos"}]},{"@type":"WebSite","@id":"https:\/\/www.linbis.com\/es\/#website","url":"https:\/\/www.linbis.com\/es\/","name":"Linbis Logistics Software","description":"Logistic Software","publisher":{"@id":"https:\/\/www.linbis.com\/es\/#organization"},"potentialAction":[{"@type":"SearchAction","target":{"@type":"EntryPoint","urlTemplate":"https:\/\/www.linbis.com\/es\/?s={search_term_string}"},"query-input":"required name=search_term_string"}],"inLanguage":"es-ES"},{"@type":"Organization","@id":"https:\/\/www.linbis.com\/es\/#organization","name":"Linbis, Inc.","url":"https:\/\/www.linbis.com\/es\/","logo":{"@type":"ImageObject","inLanguage":"es-ES","@id":"https:\/\/www.linbis.com\/es\/#\/schema\/logo\/image\/","url":"https:\/\/www.linbis.com\/wp-content\/uploads\/2017\/03\/logo2x.png","contentUrl":"https:\/\/www.linbis.com\/wp-content\/uploads\/2017\/03\/logo2x.png","width":494,"height":170,"caption":"Linbis, Inc."},"image":{"@id":"https:\/\/www.linbis.com\/es\/#\/schema\/logo\/image\/"},"sameAs":["https:\/\/www.facebook.com\/linbiscloud\/"]}]}},"_links":{"self":[{"href":"https:\/\/www.linbis.com\/es\/wp-json\/wp\/v2\/pages\/5290"}],"collection":[{"href":"https:\/\/www.linbis.com\/es\/wp-json\/wp\/v2\/pages"}],"about":[{"href":"https:\/\/www.linbis.com\/es\/wp-json\/wp\/v2\/types\/page"}],"author":[{"embeddable":true,"href":"https:\/\/www.linbis.com\/es\/wp-json\/wp\/v2\/users\/7"}],"replies":[{"embeddable":true,"href":"https:\/\/www.linbis.com\/es\/wp-json\/wp\/v2\/comments?post=5290"}],"version-history":[{"count":18,"href":"https:\/\/www.linbis.com\/es\/wp-json\/wp\/v2\/pages\/5290\/revisions"}],"predecessor-version":[{"id":5383,"href":"https:\/\/www.linbis.com\/es\/wp-json\/wp\/v2\/pages\/5290\/revisions\/5383"}],"wp:attachment":[{"href":"https:\/\/www.linbis.com\/es\/wp-json\/wp\/v2\/media?parent=5290"}],"curies":[{"name":"wp","href":"https:\/\/api.w.org\/{rel}","templated":true}]}}