{"id":5234,"date":"2019-02-04T16:11:01","date_gmt":"2019-02-04T16:11:01","guid":{"rendered":"https:\/\/www.linbis.com\/?page_id=5234"},"modified":"2019-02-04T16:11:07","modified_gmt":"2019-02-04T16:11:07","slug":"servicio-de-transporte-de-carga","status":"publish","type":"page","link":"https:\/\/www.linbis.com\/es\/servicio-de-transporte-de-carga\/","title":{"rendered":"Servicio de transporte de carga"},"content":{"rendered":"<div id=\"shortcode-037931f6b97da6538758c9335736b68b\" class=\"pb-section stretch_row_content_no_paddings\">\n<div class=\"container-fluid\">\n<div class=\"row\">\n<div class=\"col-xs-12 layout-col\" id=\"shortcode-90fc79782f0beeff151ec45565cc47e7\">\n<div class=\"wproto-slider-container\">\n<div id=\"rev_slider_3_1_wrapper\" class=\"rev_slider_wrapper fullwidthbanner-container\" style=\"margin:0px auto;background-color:transparent;padding:0px;margin-top:0px;margin-bottom:0px\">\n<!-- START REVOLUTION SLIDER 5.3.1 fullwidth mode --><\/p>\n<div id=\"rev_slider_3_1\" class=\"rev_slider fullwidthabanner tp-overflow-hidden\">\n<ul>\t<!-- SLIDE  --><\/p>\n<li>\n\t\t<!-- MAIN IMAGE --><br \/>\n\t\t<img fetchpriority=\"high\" decoding=\"async\" src=\"https:\/\/www.linbis.com\/wp-content\/plugins\/revslider\/admin\/assets\/images\/dummy.png\" alt=\"ltl shipping, ltl carriers, feight companies, freight, Linbis - logistics automation\" title=\"linbis-headquaters\" width=\"1920\" height=\"500\" class=\"rev-slidebg\"><br \/>\n\t\t<!-- LAYERS --><\/p>\n<p>\t\t<!-- LAYER NR. 1 --><\/p>\n<div class=\"tp-caption tp-shape tp-shapewrapper  tp-resizeme  duotone-turquoise\" id=\"slide-5-layer-1\"> <\/div>\n<p>\t\t<!-- LAYER NR. 2 --><\/p>\n<div class=\"tp-caption   tp-resizeme\" id=\"slide-5-layer-2\">Linbis Sistema Logistico  <\/div>\n<p>\t\t<!-- LAYER NR. 3 --><\/p>\n<div class=\"tp-caption   tp-resizeme\" id=\"slide-5-layer-3\">Software Log\u00edstico para agencias de carga para llevar a cabo la organizaci\u00f3n de su empresa,  servicio, env\u00edos, cargas y consolidaciones todo en las nubes. Gratis!!! <\/div>\n<p>\t\t<!-- LAYER NR. 4 --><\/p>\n<div class=\"tp-caption rev-btn  tp-resizeme\" id=\"slide-5-layer-4\"><a class=\"lightbox\" href=\"https:\/\/app.linbis.com\/\">INGRESAR &rsaquo;<\/a> <\/div>\n<p>\t\t<!-- LAYER NR. 5 --><\/p>\n<div class=\"tp-caption rev-btn  tp-resizeme\" id=\"slide-5-layer-6\"><a href=\"https:\/\/www.linbis.com\/es\/precios\/\">REGISTRARSE AHORA &rsaquo;<\/a> <\/div>\n<p>\t\t<!-- LAYER NR. 6 --><\/p>\n<div class=\"tp-caption   tp-resizeme\" id=\"slide-5-layer-8\"><img decoding=\"async\" src=\"https:\/\/www.linbis.com\/wp-content\/plugins\/revslider\/admin\/assets\/images\/dummy.png\" alt=\"Linbis - Logistics Software As a Service, Freight Forwarding Software,\" width=\"632\" height=\"378\"> <\/div>\n<\/li>\n<\/ul>\n<div class=\"tp-bannertimer tp-bottom\"><\/div>\n<\/p><\/div>\n<p>\t\t\t\t\t\t.custom.tp-bullets{}.custom.tp-bullets:before{content:&#8221; &#8220;;position:absolute;width:100%;height:100%;background:transparent;padding:10px;margin-left:-10px;margin-top:-10px;box-sizing:content-box}.custom .tp-bullet{width:12px;height:12px;position:absolute;background:#aaa;  background:rgba(125,125,125,0.5);cursor:pointer;box-sizing:content-box}.custom .tp-bullet:hover,.custom .tp-bullet.selected{background:rgb(125,125,125)}.custom .tp-bullet-image{}.custom .tp-bullet-title{}\n\t\t\t\t<\/p><\/div>\n<p><!-- END REVOLUTION SLIDER --><\/div>\n<\/div>\n<\/div><\/div>\n<\/div>\n<div class=\"row-full-width\"><\/div>\n<div id=\"shortcode-f59d4aa4da03491c0c5a978e28999fc5\" class=\"pb-section stretch_row\">\n<div class=\"container-fluid\">\n<div class=\"row\">\n<div class=\"col-xs-12 col-sm-2 layout-col\" id=\"shortcode-6f186898ecbdc65b24ea79794dfdbfa2\">\n\t<\/div>\n<div class=\"col-xs-12 col-sm-8 layout-col\" id=\"shortcode-af3ca0215344fdf4e7ee4109d9ee89ce\">\n<h1 id=\"shortcode-b2d131506f80d2a5d0030a2ac3fea582\" class=\"wow fadeInUp\">\u00bfQu\u00e9 son los servicios de carga?<\/h1>\n<p>Los servicio de carga, son todas aquellas empresas de transporte de carga que ofrecen principalmente servicios de transporte. Y que se centran en el env\u00edo de carga a varios destinos. Adem\u00e1s, las empresas de transporte de carga son de dos tipos diferentes dentro de ellas; los transportes pueden ser internacionales o nacionales.<\/p>\n<p>Dependiendo del tipo de servicio que se contrate, pueden var\u00edan los servicios, que van desde el transporte de las mercanc\u00edas o cargas dentro o fuera, y entre pa\u00edses.<\/p>\n<p>Adem\u00e1s, las empresas de transporte ofrecen el transporte de carga o mercanc\u00eda a trav\u00e9s de muchos tipos de medios. Los medios que se incluyen son: mar\u00edtimos, terrestres, ferrocarril y aire. Algunos de los servicios de transporte de carga se destacan m\u00e1s por ofrecer m\u00faltiples modos de transporte de carga. El transporte &#8220;multimodal&#8221; es el m\u00e1s com\u00fan y es cuando se recoge la mercanc\u00eda de un cami\u00f3n a un ferrocarril y despu\u00e9s se entrega de un ferrocarril a un cami\u00f3n.<\/p>\n<h2>Tipos de servicios de carga<\/h2>\n<p>El objetivo principal de un servicio de carga, es transferir productos a trav\u00e9s de diversos medios como por aire, tierra, ferrocarril o mar. El medio de transporte de carga en la carretera se hace trav\u00e9s de un cami\u00f3n &#8220;intermodal&#8221;. Sin embargo, antes de hablar sobre los tipos de carga, veamos ahora la diferencia entre lo que es la carga y que es un env\u00edo.<\/p>\n<p>Las personas optan por los servicios de env\u00edo si desean transportar productos para fines personales o comerciales. El env\u00edo requiere m\u00e1s carga que el flete. Esto se debe a que el servicio de carga transporta bienes y mercanc\u00edas a granel. Por lo tanto, es m\u00e1s econ\u00f3mico y mucho m\u00e1s barato.<\/p>\n<p><img decoding=\"async\" class=\"size-full wp-image-5175 aligncenter\" src=\"https:\/\/www.linbis.com\/wp-content\/uploads\/2019\/01\/freight-services-1.jpg\" alt=\"shipping from china to us and importing from china to usa requirements\" width=\"1006\" height=\"493\" srcset=\"https:\/\/www.linbis.com\/wp-content\/uploads\/2019\/01\/freight-services-1.jpg 1006w, https:\/\/www.linbis.com\/wp-content\/uploads\/2019\/01\/freight-services-1-300x147.jpg 300w, https:\/\/www.linbis.com\/wp-content\/uploads\/2019\/01\/freight-services-1-600x294.jpg 600w, https:\/\/www.linbis.com\/wp-content\/uploads\/2019\/01\/freight-services-1-768x376.jpg 768w\" sizes=\"(max-width: 1006px) 100vw, 1006px\" \/><\/p>\n<p>&nbsp;<\/p>\n<h2>Carga Consolidada (LTL)<\/h2>\n<p>Este es uno de los tipos de servicio de entrega de carga, m\u00e1s comunes y m\u00e1s preferidos, es la carga tipo LTL. Esto significa que la carga llegue a su destino en particular. Y el cami\u00f3n en el momento de subir la carga o entrega, se hace por v\u00eda terrestre. Adem\u00e1s, este servicio de entrega de carga LTL es m\u00e1s confiable, econ\u00f3mico y oportuno. Porque su carga se comparte el servicio de camiones de diferentes servicios LTL en el mismo contenedor.<\/p>\n<h2>Carga Parcial (PTL)<\/h2>\n<p>En este tipo de servicio, es el de un cami\u00f3n que transporta los bienes que son de tama\u00f1o mediano PTL. Por lo tanto, se diferencia de la carga LTL que hace uso de casi un cami\u00f3n completo y que transporta menos carga a su vez. Adem\u00e1s, este servicio se puede cargar todo tipo de productos, como los peligrosos, los de temperatura controlada, los fr\u00e1giles y los refrigerados.<\/p>\n<h2>Carga Llena (FTL)<\/h2>\n<p>Este es el servicio que tiene la gran ventaja de que no se requiere de ning\u00fan tipo de maquinaria para cargar y descargar la mercanc\u00eda. Adem\u00e1s, este servicio es adecuado para una carga que necesita asistencia inmediatamente, como refrigeraci\u00f3n, camas planas, control de temperatura y distintos protocolos de alojamiento.<\/p>\n<h2><img loading=\"lazy\" decoding=\"async\" class=\"alignnone size-full wp-image-5122\" src=\"https:\/\/www.linbis.com\/wp-content\/uploads\/2019\/01\/freight-delivery-services-1.jpg\" alt=\"Air freight rates from multiple air feight companies.\" width=\"395\" height=\"190\" srcset=\"https:\/\/www.linbis.com\/wp-content\/uploads\/2019\/01\/freight-delivery-services-1.jpg 395w, https:\/\/www.linbis.com\/wp-content\/uploads\/2019\/01\/freight-delivery-services-1-300x144.jpg 300w\" sizes=\"(max-width: 395px) 100vw, 395px\" \/><\/h2>\n<h2>Cami\u00f3n de carga a\u00e9rea<\/h2>\n<p>Es el tipo de carga a\u00e9rea es muy adecuado cuando este tipo que es fr\u00e1gil. Y se tiene un gran riesgo de sufrir da\u00f1os. Es un cami\u00f3n que tiene una instalaci\u00f3n separada de suspensi\u00f3n de aire. Que le proporciona un viaje seguro a la carga. En un cami\u00f3n de carga regular, el servicio es muy costoso y los clientes casi no lo usan.<\/p>\n<h2>C\u00f3mo elegir el mejor servicio de carga.<\/h2>\n<p>Para elegir el mejor servicio de carga, le ayudar\u00e1 los siguientes pasos en el sistema de Log\u00edstica de Linbis:<\/p>\n<ol>\n<li>La empresa que va a emplear debe tener mucha experiencia. Con un proveedor de servicios de carga experimentado y calificado, se puede evitar los problemas de: almacenaje, aduanas y rutas. As\u00ed se agiliza el proceso de env\u00edo internacional.<\/li>\n<li>Estudie como es la relaci\u00f3n de la empresa de servicios de carga con los agentes y sus otros asociados en diferentes pa\u00edses. Las empresas de transporte de carga con las que est\u00e1 trabajando deben tener una s\u00f3lida red con los pa\u00edses a donde exporta e importa los productos.<\/li>\n<li>Aseg\u00farese de que las compa\u00f1\u00edas de transporte le ofrezcan todos los servicios que necesita para su env\u00edo.<\/li>\n<li>Investigue las referencias que le dan de la empresa de transporte.<\/li>\n<li>Lo m\u00e1s importante, tambi\u00e9n aseg\u00farese de que la empresa de transporte tenga un historial de buen servicio al cliente.<\/li>\n<\/ol>\n<h2>\u00bfQu\u00e9 es el servicio de carga directa?<\/h2>\n<p>El servicio de carga directa se dirige a los env\u00edos de carga que requieren m\u00e1s servicios de los que ofrecer\u00eda una simple compa\u00f1\u00eda de carga. Por lo tanto, bajo el servicio de carga directa, y los modos de transporte que van desde LTL y FTL. Este m\u00e9todo de transporte de carga manejan cualquier env\u00edo desde el principio al fin, con tarifas de env\u00edo econ\u00f3micas.<\/p>\n<h2>\u00bfCu\u00e1ndo utilizar los servicios de flete de carga a\u00e9reo?<\/h2>\n<p>Junto con la entrega r\u00e1pida o express, hay muchos beneficios de los servicios de carga a\u00e9rea. Adem\u00e1s, las industrias de transporte automotriz, dise\u00f1o de interiores, electricidad y construcci\u00f3n hacen uso frecuente de los servicios de carga a\u00e9rea. Adem\u00e1s, los servicios de carga a\u00e9rea son confiables y transportan la carga a tiempo.<\/p>\n<h2>\u00bfCu\u00e1l es la diferencia entre el carga express y transporte de carga?<\/h2>\n<p>La diferencia es que es un servicio que agiliza el proceso de env\u00edo. Esto significa que no se pierde tiempo y se recibe una r\u00e1pida entrega. Hay m\u00faltiples factores que juegan un papel importante en la carga express. El cami\u00f3n hace la descarga de la carga en el punto de llegada y no en el destino. O rara vez lo hace una parada en la carretera. Solo lo utilizan aquellos clientes que emplean un servicio de carga express necesita porque su paquete llegue a su destino r\u00e1pidamente. Los usuarios del tipo de la carga express son los m\u00e9dicos, empresas que necesitan una reponer inventario y los operadores de extracci\u00f3n de petr\u00f3leo y miner\u00eda. Por otro lado, los servicios de carga est\u00e1ndar transfieren productos y mercanc\u00edas en un tiempo establecido. Es porque los clientes no pagan por un servicio express o r\u00e1pido.<\/p>\n<h2>\u00bfCu\u00e1ndo se debe usar el servicio de flete a\u00e9reo?<\/h2>\n<p>Los servicios de transporte mar\u00edtimo es la opci\u00f3n m\u00e1s rentables que en comparaci\u00f3n con el servicio de transporte a\u00e9reo. Esta es la raz\u00f3n por la que la mayor\u00eda de las empresas utilizan esta forma de transporte de sus cargas que puede caber en cualquier barco. Las diferentes compa\u00f1\u00edas que transportan su carga en un barco comparten el costo del env\u00edo. Adem\u00e1s, solo las empresas que utilizan el servicio de transporte mar\u00edtimo no tienen restricciones de tiempo. Pueden esperar hasta 2 semanas para que su carga llegue a un destino en particular. Por lo tanto, aquellas empresas que necesitan una entrega urgente, definitivamente no optar\u00e1n por esta opci\u00f3n.<\/p>\n<p>En un barco se puede transportar todo tipo de carga, sin importar su tama\u00f1o. Por lo tanto, en el barco se tiene la capacidad de transportar cualquier tipo de equipo, como una maquinaria pesada, autom\u00f3viles y veh\u00edculos. Adem\u00e1s, si se necesita una gran cantidad de mercanc\u00edas, el servicio de transporte mar\u00edtimo es la mejor opci\u00f3n.<\/p>\n<h2>C\u00f3mo obtener m\u00faltiples cotizaciones de un env\u00edo de carga utilizando Linbis<\/h2>\n<p>Para obtener el mejor servicio y trabajar con varias compa\u00f1\u00edas. Linbis le ofrece una plataforma que le ayuda al proveedor de transporte de carga. Nuestro software de transporte de carga ayuda a las peque\u00f1as y grandes empresas a compartir informaci\u00f3n, documentos de env\u00edo y facilitar el proceso de env\u00edo. Los remitentes pueden utilizar a Linbis para gestionar todos sus env\u00edos. Se pueden enviar m\u00faltiples cotizaciones de fletes a varios agentes de transporte, compa\u00f1\u00edas de camiones y NVOCC para obtener el mejor precio. Se le proporciona la mejor tecnolog\u00eda a todos, y las peque\u00f1as empresas pueden aprovechar y ofrecer precios competitivos. Ahora usted, como remitente, tiene la ventaja de elegir entre varias de las compa\u00f1\u00edas de camiones, agentes de transportes.<\/p>\n<p><a href=\"https:\/\/www.linbis.com\/es\/precios\/\">\u00a1Pru\u00e9balo ahora es gratis!<\/a><\/p>\n<\/div>\n<div class=\"col-xs-12 col-sm-2 layout-col\" id=\"shortcode-0af6fa8f93bf6e4d91c64fcab055f32d\">\n\t<\/div>\n<\/div><\/div>\n<\/div>\n<div class=\"row-full-width\"><\/div>\n<p><!-- 709596d89ce6c1e64b21069bda6f4e29 --><\/p>\n","protected":false},"excerpt":{"rendered":"<p>Linbis Sistema Logistico Software Log\u00edstico para agencias de carga para llevar a cabo la organizaci\u00f3n de su empresa, servicio, env\u00edos, cargas y consolidaciones todo en las nubes. Gratis!!! INGRESAR &rsaquo; REGISTRARSE AHORA &rsaquo; .custom.tp-bullets{}.custom.tp-bullets:before{content:&#8221; &#8220;;position:absolute;width:100%;height:100%;background:transparent;padding:10px;margin-left:-10px;margin-top:-10px;box-sizing:content-box}.custom .tp-bullet{width:12px;height:12px;position:absolute;background:#aaa; background:rgba(125,125,125,0.5);cursor:pointer;box-sizing:content-box}.custom .tp-bullet:hover,.custom .tp-bullet.selected{background:rgb(125,125,125)}.custom .tp-bullet-image{}.custom .tp-bullet-title{} \u00bfQu\u00e9 son los servicios de carga? Los servicio de carga, son todas aquellas empresas [&hellip;]<\/p>\n","protected":false},"author":7,"featured_media":0,"parent":0,"menu_order":0,"comment_status":"closed","ping_status":"closed","template":"","meta":{"_monsterinsights_skip_tracking":false,"_monsterinsights_sitenote_active":false,"_monsterinsights_sitenote_note":"","_monsterinsights_sitenote_category":0,"footnotes":""},"class_list":["post-5234","page","type-page","status-publish","hentry"],"yoast_head":"<!-- This site is optimized with the Yoast SEO Premium plugin v22.5 (Yoast SEO v23.3) - https:\/\/yoast.com\/wordpress\/plugins\/seo\/ -->\n<title>Servicio de transporte de carga - Linbis Logistics Software<\/title>\n<meta name=\"description\" content=\"Son los servicios de todas aquellas empresas de transporte de carga que ofrecen. Los medios que se incluyen son: mar\u00edtimos, terrestres, ferrocarril y aire.\" \/>\n<meta name=\"robots\" content=\"index, follow, max-snippet:-1, max-image-preview:large, max-video-preview:-1\" \/>\n<link rel=\"canonical\" href=\"https:\/\/www.linbis.com\/es\/servicio-de-transporte-de-carga\/\" \/>\n<meta property=\"og:locale\" content=\"es_ES\" \/>\n<meta property=\"og:type\" content=\"article\" \/>\n<meta property=\"og:title\" content=\"Servicio de transporte de carga\" \/>\n<meta property=\"og:description\" content=\"Son los servicios de todas aquellas empresas de transporte de carga que ofrecen. Los medios que se incluyen son: mar\u00edtimos, terrestres, ferrocarril y aire.\" \/>\n<meta property=\"og:url\" content=\"https:\/\/www.linbis.com\/es\/servicio-de-transporte-de-carga\/\" \/>\n<meta property=\"og:site_name\" content=\"Linbis Logistics Software\" \/>\n<meta property=\"article:publisher\" content=\"https:\/\/www.facebook.com\/linbiscloud\/\" \/>\n<meta property=\"article:modified_time\" content=\"2019-02-04T16:11:07+00:00\" \/>\n<meta property=\"og:image\" content=\"https:\/\/www.linbis.com\/wp-content\/plugins\/revslider\/admin\/assets\/images\/dummy.png\" \/>\n<meta name=\"twitter:card\" content=\"summary_large_image\" \/>\n<meta name=\"twitter:label1\" content=\"Est. reading time\" \/>\n\t<meta name=\"twitter:data1\" content=\"8 minutes\" \/>\n<script type=\"application\/ld+json\" class=\"yoast-schema-graph\">{\"@context\":\"https:\/\/schema.org\",\"@graph\":[{\"@type\":\"WebPage\",\"@id\":\"https:\/\/www.linbis.com\/es\/servicio-de-transporte-de-carga\/\",\"url\":\"https:\/\/www.linbis.com\/es\/servicio-de-transporte-de-carga\/\",\"name\":\"Servicio de transporte de carga - Linbis Logistics Software\",\"isPartOf\":{\"@id\":\"https:\/\/www.linbis.com\/es\/#website\"},\"primaryImageOfPage\":{\"@id\":\"https:\/\/www.linbis.com\/es\/servicio-de-transporte-de-carga\/#primaryimage\"},\"image\":{\"@id\":\"https:\/\/www.linbis.com\/es\/servicio-de-transporte-de-carga\/#primaryimage\"},\"thumbnailUrl\":\"https:\/\/www.linbis.com\/wp-content\/plugins\/revslider\/admin\/assets\/images\/dummy.png\",\"datePublished\":\"2019-02-04T16:11:01+00:00\",\"dateModified\":\"2019-02-04T16:11:07+00:00\",\"description\":\"Son los servicios de todas aquellas empresas de transporte de carga que ofrecen. Los medios que se incluyen son: mar\u00edtimos, terrestres, ferrocarril y aire.\",\"breadcrumb\":{\"@id\":\"https:\/\/www.linbis.com\/es\/servicio-de-transporte-de-carga\/#breadcrumb\"},\"inLanguage\":\"es-ES\",\"potentialAction\":[{\"@type\":\"ReadAction\",\"target\":[\"https:\/\/www.linbis.com\/es\/servicio-de-transporte-de-carga\/\"]}]},{\"@type\":\"ImageObject\",\"inLanguage\":\"es-ES\",\"@id\":\"https:\/\/www.linbis.com\/es\/servicio-de-transporte-de-carga\/#primaryimage\",\"url\":\"https:\/\/www.linbis.com\/wp-content\/plugins\/revslider\/admin\/assets\/images\/dummy.png\",\"contentUrl\":\"https:\/\/www.linbis.com\/wp-content\/plugins\/revslider\/admin\/assets\/images\/dummy.png\"},{\"@type\":\"BreadcrumbList\",\"@id\":\"https:\/\/www.linbis.com\/es\/servicio-de-transporte-de-carga\/#breadcrumb\",\"itemListElement\":[{\"@type\":\"ListItem\",\"position\":1,\"name\":\"Home\",\"item\":\"https:\/\/www.linbis.com\/es\/\"},{\"@type\":\"ListItem\",\"position\":2,\"name\":\"Servicio de transporte de carga\"}]},{\"@type\":\"WebSite\",\"@id\":\"https:\/\/www.linbis.com\/es\/#website\",\"url\":\"https:\/\/www.linbis.com\/es\/\",\"name\":\"Linbis Logistics Software\",\"description\":\"Logistic Software\",\"publisher\":{\"@id\":\"https:\/\/www.linbis.com\/es\/#organization\"},\"potentialAction\":[{\"@type\":\"SearchAction\",\"target\":{\"@type\":\"EntryPoint\",\"urlTemplate\":\"https:\/\/www.linbis.com\/es\/?s={search_term_string}\"},\"query-input\":\"required name=search_term_string\"}],\"inLanguage\":\"es-ES\"},{\"@type\":\"Organization\",\"@id\":\"https:\/\/www.linbis.com\/es\/#organization\",\"name\":\"Linbis, Inc.\",\"url\":\"https:\/\/www.linbis.com\/es\/\",\"logo\":{\"@type\":\"ImageObject\",\"inLanguage\":\"es-ES\",\"@id\":\"https:\/\/www.linbis.com\/es\/#\/schema\/logo\/image\/\",\"url\":\"https:\/\/www.linbis.com\/wp-content\/uploads\/2017\/03\/logo2x.png\",\"contentUrl\":\"https:\/\/www.linbis.com\/wp-content\/uploads\/2017\/03\/logo2x.png\",\"width\":494,\"height\":170,\"caption\":\"Linbis, Inc.\"},\"image\":{\"@id\":\"https:\/\/www.linbis.com\/es\/#\/schema\/logo\/image\/\"},\"sameAs\":[\"https:\/\/www.facebook.com\/linbiscloud\/\"]}]}<\/script>\n<!-- \/ Yoast SEO Premium plugin. -->","yoast_head_json":{"title":"Servicio de transporte de carga - Linbis Logistics Software","description":"Son los servicios de todas aquellas empresas de transporte de carga que ofrecen. Los medios que se incluyen son: mar\u00edtimos, terrestres, ferrocarril y aire.","robots":{"index":"index","follow":"follow","max-snippet":"max-snippet:-1","max-image-preview":"max-image-preview:large","max-video-preview":"max-video-preview:-1"},"canonical":"https:\/\/www.linbis.com\/es\/servicio-de-transporte-de-carga\/","og_locale":"es_ES","og_type":"article","og_title":"Servicio de transporte de carga","og_description":"Son los servicios de todas aquellas empresas de transporte de carga que ofrecen. Los medios que se incluyen son: mar\u00edtimos, terrestres, ferrocarril y aire.","og_url":"https:\/\/www.linbis.com\/es\/servicio-de-transporte-de-carga\/","og_site_name":"Linbis Logistics Software","article_publisher":"https:\/\/www.facebook.com\/linbiscloud\/","article_modified_time":"2019-02-04T16:11:07+00:00","og_image":[{"url":"https:\/\/www.linbis.com\/wp-content\/plugins\/revslider\/admin\/assets\/images\/dummy.png"}],"twitter_card":"summary_large_image","twitter_misc":{"Est. reading time":"8 minutes"},"schema":{"@context":"https:\/\/schema.org","@graph":[{"@type":"WebPage","@id":"https:\/\/www.linbis.com\/es\/servicio-de-transporte-de-carga\/","url":"https:\/\/www.linbis.com\/es\/servicio-de-transporte-de-carga\/","name":"Servicio de transporte de carga - Linbis Logistics Software","isPartOf":{"@id":"https:\/\/www.linbis.com\/es\/#website"},"primaryImageOfPage":{"@id":"https:\/\/www.linbis.com\/es\/servicio-de-transporte-de-carga\/#primaryimage"},"image":{"@id":"https:\/\/www.linbis.com\/es\/servicio-de-transporte-de-carga\/#primaryimage"},"thumbnailUrl":"https:\/\/www.linbis.com\/wp-content\/plugins\/revslider\/admin\/assets\/images\/dummy.png","datePublished":"2019-02-04T16:11:01+00:00","dateModified":"2019-02-04T16:11:07+00:00","description":"Son los servicios de todas aquellas empresas de transporte de carga que ofrecen. Los medios que se incluyen son: mar\u00edtimos, terrestres, ferrocarril y aire.","breadcrumb":{"@id":"https:\/\/www.linbis.com\/es\/servicio-de-transporte-de-carga\/#breadcrumb"},"inLanguage":"es-ES","potentialAction":[{"@type":"ReadAction","target":["https:\/\/www.linbis.com\/es\/servicio-de-transporte-de-carga\/"]}]},{"@type":"ImageObject","inLanguage":"es-ES","@id":"https:\/\/www.linbis.com\/es\/servicio-de-transporte-de-carga\/#primaryimage","url":"https:\/\/www.linbis.com\/wp-content\/plugins\/revslider\/admin\/assets\/images\/dummy.png","contentUrl":"https:\/\/www.linbis.com\/wp-content\/plugins\/revslider\/admin\/assets\/images\/dummy.png"},{"@type":"BreadcrumbList","@id":"https:\/\/www.linbis.com\/es\/servicio-de-transporte-de-carga\/#breadcrumb","itemListElement":[{"@type":"ListItem","position":1,"name":"Home","item":"https:\/\/www.linbis.com\/es\/"},{"@type":"ListItem","position":2,"name":"Servicio de transporte de carga"}]},{"@type":"WebSite","@id":"https:\/\/www.linbis.com\/es\/#website","url":"https:\/\/www.linbis.com\/es\/","name":"Linbis Logistics Software","description":"Logistic Software","publisher":{"@id":"https:\/\/www.linbis.com\/es\/#organization"},"potentialAction":[{"@type":"SearchAction","target":{"@type":"EntryPoint","urlTemplate":"https:\/\/www.linbis.com\/es\/?s={search_term_string}"},"query-input":"required name=search_term_string"}],"inLanguage":"es-ES"},{"@type":"Organization","@id":"https:\/\/www.linbis.com\/es\/#organization","name":"Linbis, Inc.","url":"https:\/\/www.linbis.com\/es\/","logo":{"@type":"ImageObject","inLanguage":"es-ES","@id":"https:\/\/www.linbis.com\/es\/#\/schema\/logo\/image\/","url":"https:\/\/www.linbis.com\/wp-content\/uploads\/2017\/03\/logo2x.png","contentUrl":"https:\/\/www.linbis.com\/wp-content\/uploads\/2017\/03\/logo2x.png","width":494,"height":170,"caption":"Linbis, Inc."},"image":{"@id":"https:\/\/www.linbis.com\/es\/#\/schema\/logo\/image\/"},"sameAs":["https:\/\/www.facebook.com\/linbiscloud\/"]}]}},"_links":{"self":[{"href":"https:\/\/www.linbis.com\/es\/wp-json\/wp\/v2\/pages\/5234"}],"collection":[{"href":"https:\/\/www.linbis.com\/es\/wp-json\/wp\/v2\/pages"}],"about":[{"href":"https:\/\/www.linbis.com\/es\/wp-json\/wp\/v2\/types\/page"}],"author":[{"embeddable":true,"href":"https:\/\/www.linbis.com\/es\/wp-json\/wp\/v2\/users\/7"}],"replies":[{"embeddable":true,"href":"https:\/\/www.linbis.com\/es\/wp-json\/wp\/v2\/comments?post=5234"}],"version-history":[{"count":22,"href":"https:\/\/www.linbis.com\/es\/wp-json\/wp\/v2\/pages\/5234\/revisions"}],"predecessor-version":[{"id":5382,"href":"https:\/\/www.linbis.com\/es\/wp-json\/wp\/v2\/pages\/5234\/revisions\/5382"}],"wp:attachment":[{"href":"https:\/\/www.linbis.com\/es\/wp-json\/wp\/v2\/media?parent=5234"}],"curies":[{"name":"wp","href":"https:\/\/api.w.org\/{rel}","templated":true}]}}