{"id":5125,"date":"2019-02-04T15:55:52","date_gmt":"2019-02-04T15:55:52","guid":{"rendered":"https:\/\/www.linbis.com\/?page_id=5125"},"modified":"2019-02-04T15:58:22","modified_gmt":"2019-02-04T15:58:22","slug":"flete","status":"publish","type":"page","link":"https:\/\/www.linbis.com\/es\/flete\/","title":{"rendered":"Flete &#8211; Envios &#8211; Cotizaciones de Fletes"},"content":{"rendered":"<div id=\"shortcode-758ddc70621087178d1c07a4a8bb84bb\" class=\"pb-section stretch_row_content_no_paddings\">\n<div class=\"container-fluid\">\n<div class=\"row\">\n<div class=\"col-xs-12 layout-col\" id=\"shortcode-bd3c2462eaa1e72838033d0d6b968078\">\n<div class=\"wproto-slider-container\">\n<div id=\"rev_slider_3_1_wrapper\" class=\"rev_slider_wrapper fullwidthbanner-container\" style=\"margin:0px auto;background-color:transparent;padding:0px;margin-top:0px;margin-bottom:0px\">\n<!-- START REVOLUTION SLIDER 5.3.1 fullwidth mode --><\/p>\n<div id=\"rev_slider_3_1\" class=\"rev_slider fullwidthabanner tp-overflow-hidden\">\n<ul>\t<!-- SLIDE  --><\/p>\n<li>\n\t\t<!-- MAIN IMAGE --><br \/>\n\t\t<img fetchpriority=\"high\" decoding=\"async\" src=\"https:\/\/www.linbis.com\/wp-content\/plugins\/revslider\/admin\/assets\/images\/dummy.png\" alt=\"ltl shipping, ltl carriers, feight companies, freight, Linbis - logistics automation\" title=\"linbis-headquaters\" width=\"1920\" height=\"500\" class=\"rev-slidebg\"><br \/>\n\t\t<!-- LAYERS --><\/p>\n<p>\t\t<!-- LAYER NR. 1 --><\/p>\n<div class=\"tp-caption tp-shape tp-shapewrapper  tp-resizeme  duotone-turquoise\" id=\"slide-5-layer-1\"> <\/div>\n<p>\t\t<!-- LAYER NR. 2 --><\/p>\n<div class=\"tp-caption   tp-resizeme\" id=\"slide-5-layer-2\">Linbis Sistema Logistico  <\/div>\n<p>\t\t<!-- LAYER NR. 3 --><\/p>\n<div class=\"tp-caption   tp-resizeme\" id=\"slide-5-layer-3\">Software Log\u00edstico para agencias de carga para llevar a cabo la organizaci\u00f3n de su empresa,  servicio, env\u00edos, cargas y consolidaciones todo en las nubes. Gratis!!! <\/div>\n<p>\t\t<!-- LAYER NR. 4 --><\/p>\n<div class=\"tp-caption rev-btn  tp-resizeme\" id=\"slide-5-layer-4\"><a class=\"lightbox\" href=\"https:\/\/app.linbis.com\/\">INGRESAR &rsaquo;<\/a> <\/div>\n<p>\t\t<!-- LAYER NR. 5 --><\/p>\n<div class=\"tp-caption rev-btn  tp-resizeme\" id=\"slide-5-layer-6\"><a href=\"https:\/\/www.linbis.com\/es\/precios\/\">REGISTRARSE AHORA &rsaquo;<\/a> <\/div>\n<p>\t\t<!-- LAYER NR. 6 --><\/p>\n<div class=\"tp-caption   tp-resizeme\" id=\"slide-5-layer-8\"><img decoding=\"async\" src=\"https:\/\/www.linbis.com\/wp-content\/plugins\/revslider\/admin\/assets\/images\/dummy.png\" alt=\"Linbis - Logistics Software As a Service, Freight Forwarding Software,\" width=\"632\" height=\"378\"> <\/div>\n<\/li>\n<\/ul>\n<div class=\"tp-bannertimer tp-bottom\"><\/div>\n<\/p><\/div>\n<p>\t\t\t\t\t\t.custom.tp-bullets{}.custom.tp-bullets:before{content:&#8221; &#8220;;position:absolute;width:100%;height:100%;background:transparent;padding:10px;margin-left:-10px;margin-top:-10px;box-sizing:content-box}.custom .tp-bullet{width:12px;height:12px;position:absolute;background:#aaa;  background:rgba(125,125,125,0.5);cursor:pointer;box-sizing:content-box}.custom .tp-bullet:hover,.custom .tp-bullet.selected{background:rgb(125,125,125)}.custom .tp-bullet-image{}.custom .tp-bullet-title{}\n\t\t\t\t<\/p><\/div>\n<p><!-- END REVOLUTION SLIDER --><\/div>\n<\/div>\n<\/div><\/div>\n<\/div>\n<div class=\"row-full-width\"><\/div>\n<div id=\"shortcode-8f4c46a2a0e24c12d1f7baaf715df6a9\" class=\"pb-section stretch_row\">\n<div class=\"container-fluid\">\n<div class=\"row\">\n<div class=\"col-xs-12 col-sm-2 layout-col\" id=\"shortcode-5020dc9b64e45d5ffc83188d00bc2913\">\n\t<\/div>\n<div class=\"col-xs-12 col-sm-8 layout-col\" id=\"shortcode-d900433baa29fc51ab9d23b6306de00a\">\n<h1 id=\"shortcode-a334292eb3afab28768a0fccc3e7dd48\" class=\"wow fadeInUp\">\u00bfQu\u00e9 es un flete?<\/h1>\n<p>El flete es el costo de mover una mercanc\u00eda o carga de un lugar a otro. Por ejemplo, si Ud. desea mover un art\u00edculo o transportarlo de un lugar a otro, entonces ud tiene que trabajar con una empresa de env\u00edos. De ah\u00ed, es cuando tiene que solicitar una cotizaci\u00f3n de flete. Es por eso que la cotizaci\u00f3n de flete es una estimaci\u00f3n que una compa\u00f1\u00eda de env\u00edos le proporciona al cliente en base a sus propios datos y necesidades. Esto, es lo que deber\u00eda ser el costo el env\u00edo en funci\u00f3n de la informaci\u00f3n que suministr\u00f3. Lo que significa que se debe indicar el peso total, el tipo de flete, los requisitos de servicio adicionales, etc.<\/p>\n<h2>La importancia de una cotizaci\u00f3n de flete<\/h2>\n<p>La importancia de un flete es que todas las cotizaciones no son iguales. Pero, el problema es que usted es el que debe compartir todos los detalles y es posible que no tenga toda esa informaci\u00f3n, para ser muy preciso. Lo que lleva un desaf\u00edo, en este caso ser\u00e1 dif\u00edcil obtener una cotizaci\u00f3n real de un flete, y el problema es que solo empeorar\u00e1 si no est\u00e1 prestando atenci\u00f3n a los costos generales. Es por eso que tiene mucho sentido estudiar de antemano la cotizaci\u00f3n de flete y calcular los costos lo m\u00e1s exacto de ser posible.<\/p>\n<h3>\u00bfC\u00f3mo obtener una cotizaci\u00f3n de flete de varios transportistas?<\/h3>\n<p>Lo que se destaca en una cotizaci\u00f3n de flete es que no siempre ser\u00e1 igual a la tarifa general, solo porque el transportista debe realizar todas las mediciones por s\u00ed mismo. Sin embargo, en funci\u00f3n de su propia informaci\u00f3n, el transportista a\u00fan podr\u00e1 proporcionarle la cotizaci\u00f3n de flete y, posiblemente, hacerle saber cu\u00e1nto pagar\u00e1.<\/p>\n<h3>\u00bfC\u00f3mo se puede obtener una cotizaci\u00f3n de flete a m\u00e1s de un solo transportista?<\/h3>\n<p>Por lo general, lo mejor que puede hacer es ingresar al sitio web de cada operador que le interese. El beneficio es que puede ver lo que est\u00e1 incluido en su precio, lo que puede esperar, etc.<\/p>\n<p>Por otro lado, Linbis le proporciona una plataforma que ofrece al transportista o al proveedor de servicios log\u00edsticos que colaboren entre s\u00ed. Lo que significa que solo se necesita colocar sus requisitos de env\u00edo, luego enviamos se le env\u00eda la oferta a varios proveedores.<\/p>\n<p>Todo esto es realmente \u00fatil porque le da m\u00e1s valor y eficiencia a su operaci\u00f3n. Tambi\u00e9n, hay sitios web en que le permiten obtener m\u00faltiples cotizaciones instant\u00e1neas para el mismo env\u00edo. Le ayuda a ahorrar tiempo y esfuerzo. Adem\u00e1s de poder determinar activamente qu\u00e9 opci\u00f3n le funciona mejor, en qu\u00e9 deber\u00eda concentrarse y qu\u00e9 expectativas puede tener.<\/p>\n<p>Todo eso es extremadamente importante, puede estar seguro de ello.<\/p>\n<h2>La Cotizaci\u00f3n de flete al momento versus cotizaciones de m\u00faltiples transportistas<\/h2>\n<h3>\u00bfPor qu\u00e9 se debe obtener oferta de varios operadores?<\/h3>\n<p>Como mencionamos anteriormente, se puede ver lo que puede obtener por su dinero en todo momento. El beneficio es que nunca tiene que preocuparse por ning\u00fan problema.<\/p>\n<p>Puede gastar en lo que quiera a su propio ritmo y su retorno de la inversi\u00f3n es siempre mejor. El objetivo de una cotizaci\u00f3n al momento es que usted puede tenerla en el lugar basado en su informaci\u00f3n.<\/p>\n<p>Sin embargo, no todos los transportista tienden a ofrecer una cotizaci\u00f3n de flete al momento, muchos de ellos hacen cotizaciones manuales. Aunque, as\u00ed est\u00e1 bien pero podr\u00eda ser mejor tener varias propuestas solo para estar seguro. Con la cotizaci\u00f3n instant\u00e1nea siempre est\u00e1 tentado a elegir esa compa\u00f1\u00eda en particular.<\/p>\n<p>Pero cuando se tienen varias propuestas, es m\u00e1s f\u00e1cil para estudiar el mercado. B\u00e1sicamente, la tarea es entender de d\u00f3nde se puede obtener el mejor valor por tu dinero. Por lo general, esto puede ser muy dif\u00edcil de conseguir y por ello que tiene mucho sentido pedir una cotizaci\u00f3n de flete lo m\u00e1s r\u00e1pido posible.<\/p>\n<p>Vale la pena, siempre y cuando, se sepa c\u00f3mo manejar todo y lograr los mejores resultados.<\/p>\n<h2>La cotizaci\u00f3n de m\u00faltiples fletes a trav\u00e9s de la plataforma de Linbis.<\/h2>\n<p>La cotizaci\u00f3n de un flete al momento es posible desde muchos sitios web, sin embargo, la mayor\u00eda son de las grandes compa\u00f1\u00edas. Es por ello que Linbis le proporciona una plataforma para que todos los transportistas gestionen sus env\u00edos. Las peque\u00f1as empresas no tienen la tecnolog\u00eda ni el presupuesto para construir una integraci\u00f3n costosa.<\/p>\n<p>Todos los sitios web que proporcionan cotizaciones al momento se comunican con grandes compa\u00f1\u00edas de camiones a trav\u00e9s de API o EDI (es una peque\u00f1a aplicaci\u00f3n que act\u00faa como m\u00f3dulo que conecta un software con otro) para actualizar las cotizaciones. La mayor\u00eda de ellos le ayudar\u00e1n a hacer su reservaci\u00f3n del env\u00edo directamente, pero siempre tenga en cuenta que no todo es el precio. Por ejemplo, enviar un paquete desde el punto A al punto B podr\u00eda costar mucho menos con las peque\u00f1as empresas.<\/p>\n<p>Ahora, bien c\u00f3mo se puede ahorrar dinero con la gesti\u00f3n de cotizaciones de Linbis. Le proporcionamos a las peque\u00f1as empresas las herramientas y tecnolog\u00eda para gestionar su operaci\u00f3n de carga. S\u00ed, ahora pueden usar una mejor tecnolog\u00eda a una fracci\u00f3n del costo que los grandes.<\/p>\n<p>Linbis recolecta el dinero del que env\u00eda la flete y, cuando llega la confirmaci\u00f3n que la carga est\u00e1 recibida. Se libera el pago al transportista. Nos aseguramos de que el trabajo est\u00e9 hecho y de que todas las partes involucradas est\u00e9n felices. \u00a1As\u00ed de simple!<\/p>\n<h2>\u00bfC\u00f3mo se comparan cotizaci\u00f3n de un flete?<\/h2>\n<p>Hay muchas maneras de comparar una cotizaci\u00f3n de flete. La idea aqu\u00ed es que si desea utilizar a Linbis para comparar todas las propuestas en un solo lugar, y luego puede ver los detalles. Ser\u00e1 m\u00e1s f\u00e1cil averiguar qu\u00e9 cosas le interesan y qu\u00e9 cosas no. Todo eso importa y se puede decidir hacia una cierta cotizaci\u00f3n de transporte o no.<\/p>\n<p>Por otro lado, puede centrarse en un aspecto muy espec\u00edfico, como precios, tiempo de entrega y m\u00e1s. Verifique si la cotizaci\u00f3n que recibe de cada transportista y luego aseg\u00farese de elegir la que se adapte a sus necesidades. Lo ideal es que se centre en la calidad y el valor m\u00e1s que en un precio m\u00e1s bajo.<\/p>\n<h2>\u00bfSe pueden cambiar la cotizaci\u00f3n del env\u00edo de carga?<\/h2>\n<p>S\u00ed, esa es toda la naturaleza de las cotizaciones de fletes. Estas son propuestas, estimaciones y no son una suma fija. Se comparten en base a su propia informaci\u00f3n. La compa\u00f1\u00eda de env\u00edos realizar\u00e1 sus propias mediciones cuando usted quiera enviarla con ellos y le dar\u00e1n la tarifa final en el momento.<\/p>\n<p>As\u00ed que s\u00ed, las cotizaciones de fletes pueden ser cambiadas. No son fijas, ni deben considerarse como precios finales. Est\u00e1 es la raz\u00f3n porque terminar\u00e1s decepcionado la mayor\u00eda de las veces. A\u00fan as\u00ed, si se usa los mismos datos para todas las propuestas, la opci\u00f3n m\u00e1s barata seguir\u00e1 siendo siempre la menos costosa al final, as\u00ed que trate de tener eso en mente.<\/p>\n<p>Si su medici\u00f3n es correcta y no se realiza ninguna modificaci\u00f3n, \u00a1la estimaci\u00f3n no deber\u00eda cambiar! Muchas de estas compa\u00f1\u00edas utilizan la calculadora de env\u00edos para calcular el kilometraje y el peso.<\/p>\n<h2>\u00bfQu\u00e9 afectan las tarifas de un flete de env\u00edo?<\/h2>\n<p>Por lo general, las tarifas de transporte se ven afectadas por algunos factores importantes. Primero, la distancia puede afectar f\u00e1cilmente el total general, ya que cuanto m\u00e1s larga sea la distancia, m\u00e1s dinero tendr\u00e1 que pagar. Algunas compa\u00f1\u00edas ofrecen descuentos si elige por una distancia m\u00e1s larga. Luego hay otros factores, como el peso o el tama\u00f1o, donde puede encontrar f\u00e1cilmente diferencias entre las tarifas de flete.<\/p>\n<p>Como se puede ver, las cotizaciones de flete no son fijas y no se deben tratar como tales. Por otro lado, es buena idea que usted haga un chequeo a las tarifas de flete antes de enviar algo. De esta manera, obtendr\u00e1 la mejor relaci\u00f3n calidad-precio, as\u00ed que trate de tener eso en cuenta.<\/p>\n<p>A veces, las cotizaciones de fletes pueden cambiar mucho de una compa\u00f1\u00eda a otra. Es una buena opci\u00f3n darse una vuelta por varias empresas de fletes si es posible, ya los resultados pueden ser muy especiales. Solo recuerde, no vaya a la primera compa\u00f1\u00eda sin consultar varias cotizaciones de fletes, de lo contrario, es posible que no tenga los mejores resultados.<\/p>\n<p>Linbis le proporcionar\u00e1 todas las herramientas para tener \u00e9xito en sus pr\u00f3ximas \u00f3rdenes de env\u00edo o fletes. Es por ello que recuerde siempre planear con anticipaci\u00f3n, que el env\u00edo express siempre es m\u00e1s costoso que un env\u00edo est\u00e1ndar.<\/p>\n<\/div>\n<div class=\"col-xs-12 col-sm-2 layout-col\" id=\"shortcode-ba8a9d6230e7360fb0fd598e076a1249\">\n\t<\/div>\n<\/div><\/div>\n<\/div>\n<div class=\"row-full-width\"><\/div>\n<p><!-- ea4927ed22c6e4e09b9d0ac90fc1d6c2 --><\/p>\n","protected":false},"excerpt":{"rendered":"<p>Linbis Sistema Logistico Software Log\u00edstico para agencias de carga para llevar a cabo la organizaci\u00f3n de su empresa, servicio, env\u00edos, cargas y consolidaciones todo en las nubes. Gratis!!! INGRESAR &rsaquo; REGISTRARSE AHORA &rsaquo; .custom.tp-bullets{}.custom.tp-bullets:before{content:&#8221; &#8220;;position:absolute;width:100%;height:100%;background:transparent;padding:10px;margin-left:-10px;margin-top:-10px;box-sizing:content-box}.custom .tp-bullet{width:12px;height:12px;position:absolute;background:#aaa; background:rgba(125,125,125,0.5);cursor:pointer;box-sizing:content-box}.custom .tp-bullet:hover,.custom .tp-bullet.selected{background:rgb(125,125,125)}.custom .tp-bullet-image{}.custom .tp-bullet-title{} \u00bfQu\u00e9 es un flete? El flete es el costo de mover una mercanc\u00eda o [&hellip;]<\/p>\n","protected":false},"author":7,"featured_media":0,"parent":0,"menu_order":0,"comment_status":"closed","ping_status":"closed","template":"","meta":{"_monsterinsights_skip_tracking":false,"_monsterinsights_sitenote_active":false,"_monsterinsights_sitenote_note":"","_monsterinsights_sitenote_category":0,"footnotes":""},"class_list":["post-5125","page","type-page","status-publish","hentry"],"yoast_head":"<!-- This site is optimized with the Yoast SEO Premium plugin v22.5 (Yoast SEO v23.3) - https:\/\/yoast.com\/wordpress\/plugins\/seo\/ -->\n<title>Flete - Envios - Cotizaciones de Fletes - Linbis Logistics Software<\/title>\n<meta name=\"description\" content=\"El flete es el costo de mover una mercanc\u00eda o carga de un lugar a otro. Si Ud. desea mover un art\u00edculo o transportarlo de un lugar a otro el flete incluye\" \/>\n<meta name=\"robots\" content=\"index, follow, max-snippet:-1, max-image-preview:large, max-video-preview:-1\" \/>\n<link rel=\"canonical\" href=\"https:\/\/www.linbis.com\/es\/flete\/\" \/>\n<meta property=\"og:locale\" content=\"es_ES\" \/>\n<meta property=\"og:type\" content=\"article\" \/>\n<meta property=\"og:title\" content=\"Flete - Envios - Cotizaciones de Fletes\" \/>\n<meta property=\"og:description\" content=\"El flete es el costo de mover una mercanc\u00eda o carga de un lugar a otro. Si Ud. desea mover un art\u00edculo o transportarlo de un lugar a otro el flete incluye\" \/>\n<meta property=\"og:url\" content=\"https:\/\/www.linbis.com\/es\/flete\/\" \/>\n<meta property=\"og:site_name\" content=\"Linbis Logistics Software\" \/>\n<meta property=\"article:publisher\" content=\"https:\/\/www.facebook.com\/linbiscloud\/\" \/>\n<meta property=\"article:modified_time\" content=\"2019-02-04T15:58:22+00:00\" \/>\n<meta property=\"og:image\" content=\"https:\/\/www.linbis.com\/wp-content\/plugins\/revslider\/admin\/assets\/images\/dummy.png\" \/>\n<meta name=\"twitter:card\" content=\"summary_large_image\" \/>\n<meta name=\"twitter:label1\" content=\"Est. reading time\" \/>\n\t<meta name=\"twitter:data1\" content=\"8 minutes\" \/>\n<script type=\"application\/ld+json\" class=\"yoast-schema-graph\">{\"@context\":\"https:\/\/schema.org\",\"@graph\":[{\"@type\":\"WebPage\",\"@id\":\"https:\/\/www.linbis.com\/es\/flete\/\",\"url\":\"https:\/\/www.linbis.com\/es\/flete\/\",\"name\":\"Flete - Envios - Cotizaciones de Fletes - Linbis Logistics Software\",\"isPartOf\":{\"@id\":\"https:\/\/www.linbis.com\/es\/#website\"},\"primaryImageOfPage\":{\"@id\":\"https:\/\/www.linbis.com\/es\/flete\/#primaryimage\"},\"image\":{\"@id\":\"https:\/\/www.linbis.com\/es\/flete\/#primaryimage\"},\"thumbnailUrl\":\"https:\/\/www.linbis.com\/wp-content\/plugins\/revslider\/admin\/assets\/images\/dummy.png\",\"datePublished\":\"2019-02-04T15:55:52+00:00\",\"dateModified\":\"2019-02-04T15:58:22+00:00\",\"description\":\"El flete es el costo de mover una mercanc\u00eda o carga de un lugar a otro. Si Ud. desea mover un art\u00edculo o transportarlo de un lugar a otro el flete incluye\",\"breadcrumb\":{\"@id\":\"https:\/\/www.linbis.com\/es\/flete\/#breadcrumb\"},\"inLanguage\":\"es-ES\",\"potentialAction\":[{\"@type\":\"ReadAction\",\"target\":[\"https:\/\/www.linbis.com\/es\/flete\/\"]}]},{\"@type\":\"ImageObject\",\"inLanguage\":\"es-ES\",\"@id\":\"https:\/\/www.linbis.com\/es\/flete\/#primaryimage\",\"url\":\"https:\/\/www.linbis.com\/wp-content\/plugins\/revslider\/admin\/assets\/images\/dummy.png\",\"contentUrl\":\"https:\/\/www.linbis.com\/wp-content\/plugins\/revslider\/admin\/assets\/images\/dummy.png\"},{\"@type\":\"BreadcrumbList\",\"@id\":\"https:\/\/www.linbis.com\/es\/flete\/#breadcrumb\",\"itemListElement\":[{\"@type\":\"ListItem\",\"position\":1,\"name\":\"Home\",\"item\":\"https:\/\/www.linbis.com\/es\/\"},{\"@type\":\"ListItem\",\"position\":2,\"name\":\"Flete &#8211; Envios &#8211; Cotizaciones de Fletes\"}]},{\"@type\":\"WebSite\",\"@id\":\"https:\/\/www.linbis.com\/es\/#website\",\"url\":\"https:\/\/www.linbis.com\/es\/\",\"name\":\"Linbis Logistics Software\",\"description\":\"Logistic Software\",\"publisher\":{\"@id\":\"https:\/\/www.linbis.com\/es\/#organization\"},\"potentialAction\":[{\"@type\":\"SearchAction\",\"target\":{\"@type\":\"EntryPoint\",\"urlTemplate\":\"https:\/\/www.linbis.com\/es\/?s={search_term_string}\"},\"query-input\":\"required name=search_term_string\"}],\"inLanguage\":\"es-ES\"},{\"@type\":\"Organization\",\"@id\":\"https:\/\/www.linbis.com\/es\/#organization\",\"name\":\"Linbis, Inc.\",\"url\":\"https:\/\/www.linbis.com\/es\/\",\"logo\":{\"@type\":\"ImageObject\",\"inLanguage\":\"es-ES\",\"@id\":\"https:\/\/www.linbis.com\/es\/#\/schema\/logo\/image\/\",\"url\":\"https:\/\/www.linbis.com\/wp-content\/uploads\/2017\/03\/logo2x.png\",\"contentUrl\":\"https:\/\/www.linbis.com\/wp-content\/uploads\/2017\/03\/logo2x.png\",\"width\":494,\"height\":170,\"caption\":\"Linbis, Inc.\"},\"image\":{\"@id\":\"https:\/\/www.linbis.com\/es\/#\/schema\/logo\/image\/\"},\"sameAs\":[\"https:\/\/www.facebook.com\/linbiscloud\/\"]}]}<\/script>\n<!-- \/ Yoast SEO Premium plugin. -->","yoast_head_json":{"title":"Flete - Envios - Cotizaciones de Fletes - Linbis Logistics Software","description":"El flete es el costo de mover una mercanc\u00eda o carga de un lugar a otro. Si Ud. desea mover un art\u00edculo o transportarlo de un lugar a otro el flete incluye","robots":{"index":"index","follow":"follow","max-snippet":"max-snippet:-1","max-image-preview":"max-image-preview:large","max-video-preview":"max-video-preview:-1"},"canonical":"https:\/\/www.linbis.com\/es\/flete\/","og_locale":"es_ES","og_type":"article","og_title":"Flete - Envios - Cotizaciones de Fletes","og_description":"El flete es el costo de mover una mercanc\u00eda o carga de un lugar a otro. Si Ud. desea mover un art\u00edculo o transportarlo de un lugar a otro el flete incluye","og_url":"https:\/\/www.linbis.com\/es\/flete\/","og_site_name":"Linbis Logistics Software","article_publisher":"https:\/\/www.facebook.com\/linbiscloud\/","article_modified_time":"2019-02-04T15:58:22+00:00","og_image":[{"url":"https:\/\/www.linbis.com\/wp-content\/plugins\/revslider\/admin\/assets\/images\/dummy.png"}],"twitter_card":"summary_large_image","twitter_misc":{"Est. reading time":"8 minutes"},"schema":{"@context":"https:\/\/schema.org","@graph":[{"@type":"WebPage","@id":"https:\/\/www.linbis.com\/es\/flete\/","url":"https:\/\/www.linbis.com\/es\/flete\/","name":"Flete - Envios - Cotizaciones de Fletes - Linbis Logistics Software","isPartOf":{"@id":"https:\/\/www.linbis.com\/es\/#website"},"primaryImageOfPage":{"@id":"https:\/\/www.linbis.com\/es\/flete\/#primaryimage"},"image":{"@id":"https:\/\/www.linbis.com\/es\/flete\/#primaryimage"},"thumbnailUrl":"https:\/\/www.linbis.com\/wp-content\/plugins\/revslider\/admin\/assets\/images\/dummy.png","datePublished":"2019-02-04T15:55:52+00:00","dateModified":"2019-02-04T15:58:22+00:00","description":"El flete es el costo de mover una mercanc\u00eda o carga de un lugar a otro. Si Ud. desea mover un art\u00edculo o transportarlo de un lugar a otro el flete incluye","breadcrumb":{"@id":"https:\/\/www.linbis.com\/es\/flete\/#breadcrumb"},"inLanguage":"es-ES","potentialAction":[{"@type":"ReadAction","target":["https:\/\/www.linbis.com\/es\/flete\/"]}]},{"@type":"ImageObject","inLanguage":"es-ES","@id":"https:\/\/www.linbis.com\/es\/flete\/#primaryimage","url":"https:\/\/www.linbis.com\/wp-content\/plugins\/revslider\/admin\/assets\/images\/dummy.png","contentUrl":"https:\/\/www.linbis.com\/wp-content\/plugins\/revslider\/admin\/assets\/images\/dummy.png"},{"@type":"BreadcrumbList","@id":"https:\/\/www.linbis.com\/es\/flete\/#breadcrumb","itemListElement":[{"@type":"ListItem","position":1,"name":"Home","item":"https:\/\/www.linbis.com\/es\/"},{"@type":"ListItem","position":2,"name":"Flete &#8211; Envios &#8211; Cotizaciones de Fletes"}]},{"@type":"WebSite","@id":"https:\/\/www.linbis.com\/es\/#website","url":"https:\/\/www.linbis.com\/es\/","name":"Linbis Logistics Software","description":"Logistic Software","publisher":{"@id":"https:\/\/www.linbis.com\/es\/#organization"},"potentialAction":[{"@type":"SearchAction","target":{"@type":"EntryPoint","urlTemplate":"https:\/\/www.linbis.com\/es\/?s={search_term_string}"},"query-input":"required name=search_term_string"}],"inLanguage":"es-ES"},{"@type":"Organization","@id":"https:\/\/www.linbis.com\/es\/#organization","name":"Linbis, Inc.","url":"https:\/\/www.linbis.com\/es\/","logo":{"@type":"ImageObject","inLanguage":"es-ES","@id":"https:\/\/www.linbis.com\/es\/#\/schema\/logo\/image\/","url":"https:\/\/www.linbis.com\/wp-content\/uploads\/2017\/03\/logo2x.png","contentUrl":"https:\/\/www.linbis.com\/wp-content\/uploads\/2017\/03\/logo2x.png","width":494,"height":170,"caption":"Linbis, Inc."},"image":{"@id":"https:\/\/www.linbis.com\/es\/#\/schema\/logo\/image\/"},"sameAs":["https:\/\/www.facebook.com\/linbiscloud\/"]}]}},"_links":{"self":[{"href":"https:\/\/www.linbis.com\/es\/wp-json\/wp\/v2\/pages\/5125"}],"collection":[{"href":"https:\/\/www.linbis.com\/es\/wp-json\/wp\/v2\/pages"}],"about":[{"href":"https:\/\/www.linbis.com\/es\/wp-json\/wp\/v2\/types\/page"}],"author":[{"embeddable":true,"href":"https:\/\/www.linbis.com\/es\/wp-json\/wp\/v2\/users\/7"}],"replies":[{"embeddable":true,"href":"https:\/\/www.linbis.com\/es\/wp-json\/wp\/v2\/comments?post=5125"}],"version-history":[{"count":72,"href":"https:\/\/www.linbis.com\/es\/wp-json\/wp\/v2\/pages\/5125\/revisions"}],"predecessor-version":[{"id":5380,"href":"https:\/\/www.linbis.com\/es\/wp-json\/wp\/v2\/pages\/5125\/revisions\/5380"}],"wp:attachment":[{"href":"https:\/\/www.linbis.com\/es\/wp-json\/wp\/v2\/media?parent=5125"}],"curies":[{"name":"wp","href":"https:\/\/api.w.org\/{rel}","templated":true}]}}