{"id":3813,"date":"2018-10-18T19:28:40","date_gmt":"2018-10-18T19:28:40","guid":{"rendered":"https:\/\/www.linbis.com\/?page_id=3813"},"modified":"2018-10-18T19:28:40","modified_gmt":"2018-10-18T19:28:40","slug":"imprime-una-cotizacion","status":"publish","type":"page","link":"https:\/\/www.linbis.com\/es\/videos\/imprime-una-cotizacion\/","title":{"rendered":"Imprime una Cotizaci\u00f3n"},"content":{"rendered":"<h1>C\u00f3mo se imprime una Cotizaci\u00f3n desde LINBIS Logistic Software<\/h1>\n<p>Para imprimir una cotizacion en sistema de logistica de Linbis siga los siguientes paso, recuerde que nuestro departament de soporte esta disponible para ayudarlos en cualquier momento.&nbsp;<\/p>\n<p>&nbsp;<\/p>\n<div class=\"epyt-video-wrapper\"><iframe  id=\"_ytid_27695\"  width=\"800\" height=\"450\"  data-origwidth=\"800\" data-origheight=\"450\" src=\"https:\/\/www.youtube.com\/embed\/ZcFLVb4WpVw?enablejsapi=1&autoplay=0&cc_load_policy=0&cc_lang_pref=&iv_load_policy=1&loop=0&modestbranding=1&rel=0&fs=1&playsinline=0&autohide=2&theme=dark&color=red&controls=1&\" class=\"__youtube_prefs__  no-lazyload\" title=\"YouTube player\"  allow=\"fullscreen; accelerometer; autoplay; clipboard-write; encrypted-media; gyroscope; picture-in-picture\" allowfullscreen data-no-lazy=\"1\" data-skipgform_ajax_framebjll=\"\"><\/iframe><\/div>\n<p>&nbsp;<\/p>\n<p>&nbsp;<\/p>\n<p>[posts_carousel id=&#8221;9f55861940604b580e7bdecfbe8a40b1&#8243; carousel_style=&#8221;style_1&#8243; pagination_style=&#8221;dots&#8221; read_more_text=&#8221;Read more&#8221; visible_posts=&#8221;3&#8243; visible_posts_small=&#8221;2&#8243; visible_posts_phone=&#8221;1&#8243; autoplay=&#8221;{\u2039\u00b2\u203aenabled\u2039\u00b2\u203a:\u2039\u00b2\u203ano\u2039\u00b2\u203a,\u2039\u00b2\u203ayes\u2039\u00b2\u203a:{\u2039\u00b2\u203aautoplay_speed\u2039\u00b2\u203a:\u2039\u00b2\u203a4000\u2039\u00b2\u203a}}&#8221; post_type=&#8221;&#8221; with_thumbs_only=&#8221;no&#8221; posts_per_page=&#8221;9&#8243; order_by=&#8221;&#8221; sort_by=&#8221;&#8221; taxonomy_query=&#8221;{\u2039\u00b2\u203atax_query_type\u2039\u00b2\u203a:\u2039\u00b2\u203a\u2039\u00b2\u203a,\u2039\u00b2\u203aonly\u2039\u00b2\u203a:{\u2039\u00b2\u203acats_include\u2039\u00b2\u203a:\u2039\u00b2\u203a\u2039\u00b2\u203a},\u2039\u00b2\u203aexcept\u2039\u00b2\u203a:{\u2039\u00b2\u203acats_exclude\u2039\u00b2\u203a:\u2039\u00b2\u203a\u2039\u00b2\u203a}}&#8221; _array_keys=&#8221;{\u2039\u00b2\u203aautoplay\u2039\u00b2\u203a:\u2039\u00b2\u203aautoplay\u2039\u00b2\u203a,\u2039\u00b2\u203ataxonomy_query\u2039\u00b2\u203a:\u2039\u00b2\u203ataxonomy_query\u2039\u00b2\u203a}&#8221; _fw_coder=&#8221;aggressive&#8221; __fw_editor_shortcodes_id=&#8221;26f880af070772824bab9869cd5bcbe8&#8243;][\/posts_carousel]<\/p>\n","protected":false},"excerpt":{"rendered":"<p>C\u00f3mo se imprime una Cotizaci\u00f3n desde LINBIS Logistic Software Para imprimir una cotizacion en sistema de logistica de Linbis siga los siguientes paso, recuerde que nuestro departament de soporte esta disponible para ayudarlos en cualquier momento.&nbsp; &nbsp; &nbsp; &nbsp; [posts_carousel id=&#8221;9f55861940604b580e7bdecfbe8a40b1&#8243; carousel_style=&#8221;style_1&#8243; pagination_style=&#8221;dots&#8221; read_more_text=&#8221;Read more&#8221; visible_posts=&#8221;3&#8243; visible_posts_small=&#8221;2&#8243; visible_posts_phone=&#8221;1&#8243; autoplay=&#8221;{\u2039\u00b2\u203aenabled\u2039\u00b2\u203a:\u2039\u00b2\u203ano\u2039\u00b2\u203a,\u2039\u00b2\u203ayes\u2039\u00b2\u203a:{\u2039\u00b2\u203aautoplay_speed\u2039\u00b2\u203a:\u2039\u00b2\u203a4000\u2039\u00b2\u203a}}&#8221; post_type=&#8221;&#8221; with_thumbs_only=&#8221;no&#8221; posts_per_page=&#8221;9&#8243; order_by=&#8221;&#8221; sort_by=&#8221;&#8221; taxonomy_query=&#8221;{\u2039\u00b2\u203atax_query_type\u2039\u00b2\u203a:\u2039\u00b2\u203a\u2039\u00b2\u203a,\u2039\u00b2\u203aonly\u2039\u00b2\u203a:{\u2039\u00b2\u203acats_include\u2039\u00b2\u203a:\u2039\u00b2\u203a\u2039\u00b2\u203a},\u2039\u00b2\u203aexcept\u2039\u00b2\u203a:{\u2039\u00b2\u203acats_exclude\u2039\u00b2\u203a:\u2039\u00b2\u203a\u2039\u00b2\u203a}}&#8221; [&hellip;]<\/p>\n","protected":false},"author":7,"featured_media":0,"parent":3769,"menu_order":0,"comment_status":"closed","ping_status":"closed","template":"","meta":{"_monsterinsights_skip_tracking":false,"_monsterinsights_sitenote_active":false,"_monsterinsights_sitenote_note":"","_monsterinsights_sitenote_category":0,"footnotes":""},"class_list":["post-3813","page","type-page","status-publish","hentry"],"yoast_head":"<!-- This site is optimized with the Yoast SEO Premium plugin v22.5 (Yoast SEO v23.3) - https:\/\/yoast.com\/wordpress\/plugins\/seo\/ -->\n<title>Imprime una Cotizaci\u00f3n - Linbis Logistics Software<\/title>\n<meta name=\"robots\" content=\"index, follow, max-snippet:-1, max-image-preview:large, max-video-preview:-1\" \/>\n<link rel=\"canonical\" href=\"https:\/\/www.linbis.com\/es\/videos\/imprime-una-cotizacion\/\" \/>\n<meta property=\"og:locale\" content=\"es_ES\" \/>\n<meta property=\"og:type\" content=\"article\" \/>\n<meta property=\"og:title\" content=\"Imprime una Cotizaci\u00f3n\" \/>\n<meta property=\"og:description\" content=\"C\u00f3mo se imprime una Cotizaci\u00f3n desde LINBIS Logistic Software Para imprimir una cotizacion en sistema de logistica de Linbis siga los siguientes paso, recuerde que nuestro departament de soporte esta disponible para ayudarlos en cualquier momento.&nbsp; &nbsp; &nbsp; &nbsp; [posts_carousel id=&#8221;9f55861940604b580e7bdecfbe8a40b1&#8243; carousel_style=&#8221;style_1&#8243; pagination_style=&#8221;dots&#8221; read_more_text=&#8221;Read more&#8221; visible_posts=&#8221;3&#8243; visible_posts_small=&#8221;2&#8243; visible_posts_phone=&#8221;1&#8243; autoplay=&#8221;{\u2039\u00b2\u203aenabled\u2039\u00b2\u203a:\u2039\u00b2\u203ano\u2039\u00b2\u203a,\u2039\u00b2\u203ayes\u2039\u00b2\u203a:{\u2039\u00b2\u203aautoplay_speed\u2039\u00b2\u203a:\u2039\u00b2\u203a4000\u2039\u00b2\u203a}}&#8221; post_type=&#8221;&#8221; with_thumbs_only=&#8221;no&#8221; posts_per_page=&#8221;9&#8243; order_by=&#8221;&#8221; sort_by=&#8221;&#8221; taxonomy_query=&#8221;{\u2039\u00b2\u203atax_query_type\u2039\u00b2\u203a:\u2039\u00b2\u203a\u2039\u00b2\u203a,\u2039\u00b2\u203aonly\u2039\u00b2\u203a:{\u2039\u00b2\u203acats_include\u2039\u00b2\u203a:\u2039\u00b2\u203a\u2039\u00b2\u203a},\u2039\u00b2\u203aexcept\u2039\u00b2\u203a:{\u2039\u00b2\u203acats_exclude\u2039\u00b2\u203a:\u2039\u00b2\u203a\u2039\u00b2\u203a}}&#8221; [&hellip;]\" \/>\n<meta property=\"og:url\" content=\"https:\/\/www.linbis.com\/es\/videos\/imprime-una-cotizacion\/\" \/>\n<meta property=\"og:site_name\" content=\"Linbis Logistics Software\" \/>\n<meta property=\"article:publisher\" content=\"https:\/\/www.facebook.com\/linbiscloud\/\" \/>\n<meta name=\"twitter:card\" content=\"summary_large_image\" \/>\n<meta name=\"twitter:label1\" content=\"Est. reading time\" \/>\n\t<meta name=\"twitter:data1\" content=\"1 minute\" \/>\n<script type=\"application\/ld+json\" class=\"yoast-schema-graph\">{\"@context\":\"https:\/\/schema.org\",\"@graph\":[{\"@type\":\"WebPage\",\"@id\":\"https:\/\/www.linbis.com\/es\/videos\/imprime-una-cotizacion\/\",\"url\":\"https:\/\/www.linbis.com\/es\/videos\/imprime-una-cotizacion\/\",\"name\":\"Imprime una Cotizaci\u00f3n - Linbis Logistics Software\",\"isPartOf\":{\"@id\":\"https:\/\/www.linbis.com\/es\/#website\"},\"datePublished\":\"2018-10-18T19:28:40+00:00\",\"dateModified\":\"2018-10-18T19:28:40+00:00\",\"breadcrumb\":{\"@id\":\"https:\/\/www.linbis.com\/es\/videos\/imprime-una-cotizacion\/#breadcrumb\"},\"inLanguage\":\"es-ES\",\"potentialAction\":[{\"@type\":\"ReadAction\",\"target\":[\"https:\/\/www.linbis.com\/es\/videos\/imprime-una-cotizacion\/\"]}]},{\"@type\":\"BreadcrumbList\",\"@id\":\"https:\/\/www.linbis.com\/es\/videos\/imprime-una-cotizacion\/#breadcrumb\",\"itemListElement\":[{\"@type\":\"ListItem\",\"position\":1,\"name\":\"Home\",\"item\":\"https:\/\/www.linbis.com\/es\/\"},{\"@type\":\"ListItem\",\"position\":2,\"name\":\"Videos\",\"item\":\"https:\/\/www.linbis.com\/es\/videos\/\"},{\"@type\":\"ListItem\",\"position\":3,\"name\":\"Imprime una Cotizaci\u00f3n\"}]},{\"@type\":\"WebSite\",\"@id\":\"https:\/\/www.linbis.com\/es\/#website\",\"url\":\"https:\/\/www.linbis.com\/es\/\",\"name\":\"Linbis Logistics Software\",\"description\":\"Logistic Software\",\"publisher\":{\"@id\":\"https:\/\/www.linbis.com\/es\/#organization\"},\"potentialAction\":[{\"@type\":\"SearchAction\",\"target\":{\"@type\":\"EntryPoint\",\"urlTemplate\":\"https:\/\/www.linbis.com\/es\/?s={search_term_string}\"},\"query-input\":\"required name=search_term_string\"}],\"inLanguage\":\"es-ES\"},{\"@type\":\"Organization\",\"@id\":\"https:\/\/www.linbis.com\/es\/#organization\",\"name\":\"Linbis, Inc.\",\"url\":\"https:\/\/www.linbis.com\/es\/\",\"logo\":{\"@type\":\"ImageObject\",\"inLanguage\":\"es-ES\",\"@id\":\"https:\/\/www.linbis.com\/es\/#\/schema\/logo\/image\/\",\"url\":\"https:\/\/www.linbis.com\/wp-content\/uploads\/2017\/03\/logo2x.png\",\"contentUrl\":\"https:\/\/www.linbis.com\/wp-content\/uploads\/2017\/03\/logo2x.png\",\"width\":494,\"height\":170,\"caption\":\"Linbis, Inc.\"},\"image\":{\"@id\":\"https:\/\/www.linbis.com\/es\/#\/schema\/logo\/image\/\"},\"sameAs\":[\"https:\/\/www.facebook.com\/linbiscloud\/\"]}]}<\/script>\n<!-- \/ Yoast SEO Premium plugin. -->","yoast_head_json":{"title":"Imprime una Cotizaci\u00f3n - Linbis Logistics Software","robots":{"index":"index","follow":"follow","max-snippet":"max-snippet:-1","max-image-preview":"max-image-preview:large","max-video-preview":"max-video-preview:-1"},"canonical":"https:\/\/www.linbis.com\/es\/videos\/imprime-una-cotizacion\/","og_locale":"es_ES","og_type":"article","og_title":"Imprime una Cotizaci\u00f3n","og_description":"C\u00f3mo se imprime una Cotizaci\u00f3n desde LINBIS Logistic Software Para imprimir una cotizacion en sistema de logistica de Linbis siga los siguientes paso, recuerde que nuestro departament de soporte esta disponible para ayudarlos en cualquier momento.&nbsp; &nbsp; &nbsp; &nbsp; [posts_carousel id=&#8221;9f55861940604b580e7bdecfbe8a40b1&#8243; carousel_style=&#8221;style_1&#8243; pagination_style=&#8221;dots&#8221; read_more_text=&#8221;Read more&#8221; visible_posts=&#8221;3&#8243; visible_posts_small=&#8221;2&#8243; visible_posts_phone=&#8221;1&#8243; autoplay=&#8221;{\u2039\u00b2\u203aenabled\u2039\u00b2\u203a:\u2039\u00b2\u203ano\u2039\u00b2\u203a,\u2039\u00b2\u203ayes\u2039\u00b2\u203a:{\u2039\u00b2\u203aautoplay_speed\u2039\u00b2\u203a:\u2039\u00b2\u203a4000\u2039\u00b2\u203a}}&#8221; post_type=&#8221;&#8221; with_thumbs_only=&#8221;no&#8221; posts_per_page=&#8221;9&#8243; order_by=&#8221;&#8221; sort_by=&#8221;&#8221; taxonomy_query=&#8221;{\u2039\u00b2\u203atax_query_type\u2039\u00b2\u203a:\u2039\u00b2\u203a\u2039\u00b2\u203a,\u2039\u00b2\u203aonly\u2039\u00b2\u203a:{\u2039\u00b2\u203acats_include\u2039\u00b2\u203a:\u2039\u00b2\u203a\u2039\u00b2\u203a},\u2039\u00b2\u203aexcept\u2039\u00b2\u203a:{\u2039\u00b2\u203acats_exclude\u2039\u00b2\u203a:\u2039\u00b2\u203a\u2039\u00b2\u203a}}&#8221; [&hellip;]","og_url":"https:\/\/www.linbis.com\/es\/videos\/imprime-una-cotizacion\/","og_site_name":"Linbis Logistics Software","article_publisher":"https:\/\/www.facebook.com\/linbiscloud\/","twitter_card":"summary_large_image","twitter_misc":{"Est. reading time":"1 minute"},"schema":{"@context":"https:\/\/schema.org","@graph":[{"@type":"WebPage","@id":"https:\/\/www.linbis.com\/es\/videos\/imprime-una-cotizacion\/","url":"https:\/\/www.linbis.com\/es\/videos\/imprime-una-cotizacion\/","name":"Imprime una Cotizaci\u00f3n - Linbis Logistics Software","isPartOf":{"@id":"https:\/\/www.linbis.com\/es\/#website"},"datePublished":"2018-10-18T19:28:40+00:00","dateModified":"2018-10-18T19:28:40+00:00","breadcrumb":{"@id":"https:\/\/www.linbis.com\/es\/videos\/imprime-una-cotizacion\/#breadcrumb"},"inLanguage":"es-ES","potentialAction":[{"@type":"ReadAction","target":["https:\/\/www.linbis.com\/es\/videos\/imprime-una-cotizacion\/"]}]},{"@type":"BreadcrumbList","@id":"https:\/\/www.linbis.com\/es\/videos\/imprime-una-cotizacion\/#breadcrumb","itemListElement":[{"@type":"ListItem","position":1,"name":"Home","item":"https:\/\/www.linbis.com\/es\/"},{"@type":"ListItem","position":2,"name":"Videos","item":"https:\/\/www.linbis.com\/es\/videos\/"},{"@type":"ListItem","position":3,"name":"Imprime una Cotizaci\u00f3n"}]},{"@type":"WebSite","@id":"https:\/\/www.linbis.com\/es\/#website","url":"https:\/\/www.linbis.com\/es\/","name":"Linbis Logistics Software","description":"Logistic Software","publisher":{"@id":"https:\/\/www.linbis.com\/es\/#organization"},"potentialAction":[{"@type":"SearchAction","target":{"@type":"EntryPoint","urlTemplate":"https:\/\/www.linbis.com\/es\/?s={search_term_string}"},"query-input":"required name=search_term_string"}],"inLanguage":"es-ES"},{"@type":"Organization","@id":"https:\/\/www.linbis.com\/es\/#organization","name":"Linbis, Inc.","url":"https:\/\/www.linbis.com\/es\/","logo":{"@type":"ImageObject","inLanguage":"es-ES","@id":"https:\/\/www.linbis.com\/es\/#\/schema\/logo\/image\/","url":"https:\/\/www.linbis.com\/wp-content\/uploads\/2017\/03\/logo2x.png","contentUrl":"https:\/\/www.linbis.com\/wp-content\/uploads\/2017\/03\/logo2x.png","width":494,"height":170,"caption":"Linbis, Inc."},"image":{"@id":"https:\/\/www.linbis.com\/es\/#\/schema\/logo\/image\/"},"sameAs":["https:\/\/www.facebook.com\/linbiscloud\/"]}]}},"_links":{"self":[{"href":"https:\/\/www.linbis.com\/es\/wp-json\/wp\/v2\/pages\/3813"}],"collection":[{"href":"https:\/\/www.linbis.com\/es\/wp-json\/wp\/v2\/pages"}],"about":[{"href":"https:\/\/www.linbis.com\/es\/wp-json\/wp\/v2\/types\/page"}],"author":[{"embeddable":true,"href":"https:\/\/www.linbis.com\/es\/wp-json\/wp\/v2\/users\/7"}],"replies":[{"embeddable":true,"href":"https:\/\/www.linbis.com\/es\/wp-json\/wp\/v2\/comments?post=3813"}],"version-history":[{"count":1,"href":"https:\/\/www.linbis.com\/es\/wp-json\/wp\/v2\/pages\/3813\/revisions"}],"predecessor-version":[{"id":3814,"href":"https:\/\/www.linbis.com\/es\/wp-json\/wp\/v2\/pages\/3813\/revisions\/3814"}],"up":[{"embeddable":true,"href":"https:\/\/www.linbis.com\/es\/wp-json\/wp\/v2\/pages\/3769"}],"wp:attachment":[{"href":"https:\/\/www.linbis.com\/es\/wp-json\/wp\/v2\/media?parent=3813"}],"curies":[{"name":"wp","href":"https:\/\/api.w.org\/{rel}","templated":true}]}}