{"id":3487,"date":"2018-10-21T14:29:51","date_gmt":"2018-10-21T14:29:51","guid":{"rendered":"https:\/\/www.linbis.com\/?page_id=3487"},"modified":"2019-01-07T21:21:05","modified_gmt":"2019-01-07T21:21:05","slug":"envios-maritimos","status":"publish","type":"page","link":"https:\/\/www.linbis.com\/es\/envios-maritimos\/","title":{"rendered":"Env\u00edos Mar\u00edtimos"},"content":{"rendered":"<p><a href=\"https:\/\/www.linbis.com\/es\/\"><img fetchpriority=\"high\" decoding=\"async\" id=\"shortcode-f4ebe11c902e6c701bd54e39e5a85d10\" class=\"img-shortcode alignnone\" src=\"\/\/www.linbis.com\/wp-content\/uploads\/2017\/03\/linbis-ocean-shipment-management-system.jpg\" alt=\"Envios maritimos\" width=\"780\" height=\"318\" data-no-retina=\"\" \/><\/a><\/p>\n<h1 id=\"shortcode-6e12d16e71f8021a14a9b1fd50647343\">Los beneficios de un software para env\u00edos mar\u00edtimos con integraci\u00f3n perfecta<\/h1>\n<p>En el m\u00f3dulo de Env\u00edos Mar\u00edtimos, ya sea en consolidaciones o env\u00edos directos en un importaci\u00f3n o exportaci\u00f3n. Estos pasos son necesarios para que el env\u00edo se reduzca a solo unos pocos click mediante el uso de los env\u00edos del software Linbis. El conocimiento de embarque, los manifiestos de carga, las reservas, los planes de carga, las facturas y las comisiones de los agentes son solo algunos de los documentos disponibles en la aplicaci\u00f3n. Prepare los env\u00edos desde el m\u00f3dulo de almac\u00e9n, llene un contenedor con un esc\u00e1ner y no se equivoque al re-empacar carga.<\/p>\n<p>En un solo click puede crear\u00a0<a href=\"https:\/\/www.linbis.com\/es\/sistema-de-transporte-aereo\/\">Cargas A\u00e9reas<\/a>, Mar\u00edtimas\u00a0y\u00a0<a href=\"https:\/\/www.linbis.com\/es\/precios\/\">Terrestres<\/a>.<\/p>\n<p>Linbis se ha desarrollado un sistema completo para la gesti\u00f3n para los env\u00edos por aire, mar y tierra. Logrando llevar a cabo cualquier consolidaci\u00f3n, o env\u00edos directos, hacia cualquier destino tanto en importaciones o exportaciones y as\u00ed generar toda la documentaci\u00f3n requerida cuando sea necesario.<\/p>\n<p>No importa qu\u00e9 datos est\u00e9 buscando, Linbis puede proporcionarle detalles de su inventario, estado de pedidos, gr\u00e1ficas de calidad y productividad, cuando y donde lo necesite.<\/p>\n<p>Linbis es la soluci\u00f3n de software correcta basada en la nube que necesita para hacer crecer su negocio de log\u00edstica. No dude en contactarnos para m\u00e1s detalles sobre el software.<\/p>\n<p style=\"text-align: center;\"><a class=\"button style-green\" href=\"https:\/\/www.linbis.com\/es\/precios\/\">Reg\u00edstrese GRATIS<\/a><\/p>\n<p><img decoding=\"async\" class=\"rev-slidebg\" title=\"Ocean Shipments\" src=\"https:\/\/www.linbis.com\/wp-content\/plugins\/revslider\/admin\/assets\/images\/transparent.png\" alt=\"\" data-bgposition=\"center center\" data-bgfit=\"cover\" data-bgrepeat=\"no-repeat\" data-no-retina=\"\" \/><\/p>\n<h2 class=\"\">El m\u00f3dulo de\u00a0Env\u00edos Mar\u00edtimos puede crear toda la informaci\u00f3n necesaria en un solo paso<\/h2>\n<ul>\n<li>F\u00e1cil confirmaci\u00f3n de reservas para los env\u00edos,<\/li>\n<li>Imprimir el Bill of Lading<\/li>\n<li>Master de Instrucciones<\/li>\n<li>Certificado de origen<\/li>\n<li>Direct BL &amp; HBL, consolidaci\u00f3n y env\u00edos Back to Back<\/li>\n<li>Recibo del muelle de entrega<\/li>\n<li>Manifiesto de carga oce\u00e1nica<\/li>\n<li>Horario de navegaci\u00f3n de la embarcaci\u00f3n<\/li>\n<li>Plan de carga de contenedores, seguimiento de contenedores<\/li>\n<li>Formularios de env\u00edo, informes MIS, documentos personalizables por el usuario.<\/li>\n<li>Publicar directamente en las cuentas y facturas.<\/li>\n<li>Auto-alerta previa a la empresa afiliada para su env\u00edo<\/li>\n<li>Operaci\u00f3n \/ sistema de bloqueo financiero<\/li>\n<li>Enlace INTTRA<\/li>\n<\/ul>\n<p>&nbsp;<\/p>\n<h2 id=\"shortcode-6e12d16e71f8021a14a9b1fd50647343\" class=\"\">Integraciones de transporte mar\u00edtimo<\/h2>\n<p>La sencilla tecnolog\u00eda de integraci\u00f3n de Linis facilita el env\u00edo de informaci\u00f3n a cualquier software con una API abierta. Con las nuevas tecnolog\u00eda en la industria del transporte mar\u00edtimo, cada d\u00eda m\u00e1s expendedores y agentes de carga exigen datos mejores, m\u00e1s r\u00e1pidos y precisos. Nuestro software de env\u00edos de Ocean utiliza el intercambio de datos para comunicarse y enviar informaci\u00f3n.<\/p>\n<p>El software Linbis integra todos los m\u00f3dulos desde la creaci\u00f3n de una cotizaci\u00f3n. El env\u00edo de pedidos para la recogida y la entrega. La creaci\u00f3n de un recibo de almac\u00e9n en nuestro software desde el m\u00f3dulo de almacenes f\u00e1cilmente. Con la creaci\u00f3n y el env\u00edo de todas estas operaciones desde la reserva hasta la facturaci\u00f3n es posible con Linbis.<\/p>\n<p>Toda la contabilidad est\u00e1 automatizada, cubriendo todos los aspectos de p\u00e9rdidas y ganancias, con un flujo de informaci\u00f3n sin interrupciones desde las operaciones hasta la facturaci\u00f3n y los informes del cliente.<\/p>\n<p>INTRA, que ahora ofrece tecnolog\u00eda basada en la nube para la integraci\u00f3n de la API, facilita la integraci\u00f3n del almacenamiento de datos en comparaci\u00f3n con el EDI.<\/p>\n<p>El software Linbis Online Freight Forward Management puede ayudar a los usuarios a experimentar la planificaci\u00f3n avanzada de env\u00edos mar\u00edtimos.<\/p>\n<p>&nbsp;<\/p>\n<p style=\"text-align: center;\"><a class=\"button style-green\" href=\"https:\/\/www.linbis.com\/es\/precios\/\">Reg\u00edstrese GRATIS<\/a><\/p>\n<p><!-- 9a9225b3803f77534ab1919e8863a990 --><\/p>\n","protected":false},"excerpt":{"rendered":"<p>Los beneficios de un software para env\u00edos mar\u00edtimos con integraci\u00f3n perfecta En el m\u00f3dulo de Env\u00edos Mar\u00edtimos, ya sea en consolidaciones o env\u00edos directos en un importaci\u00f3n o exportaci\u00f3n. Estos pasos son necesarios para que el env\u00edo se reduzca a solo unos pocos click mediante el uso de los env\u00edos del software Linbis. El conocimiento [&hellip;]<\/p>\n","protected":false},"author":9,"featured_media":0,"parent":0,"menu_order":0,"comment_status":"closed","ping_status":"closed","template":"","meta":{"_monsterinsights_skip_tracking":false,"_monsterinsights_sitenote_active":false,"_monsterinsights_sitenote_note":"","_monsterinsights_sitenote_category":0,"footnotes":""},"class_list":["post-3487","page","type-page","status-publish","hentry"],"yoast_head":"<!-- This site is optimized with the Yoast SEO Premium plugin v22.5 (Yoast SEO v23.3) - https:\/\/yoast.com\/wordpress\/plugins\/seo\/ -->\n<title>Software de Env\u00edos Mar\u00edtimos - Linbis Logistics Software<\/title>\n<meta name=\"description\" content=\"Software de env\u00edos mar\u00edtimos puede crear Certificado de origen, Manifiesto de carga oce\u00e1nica, Plan de carga de contenedores, seguimiento de envios maritimos\" \/>\n<meta name=\"robots\" content=\"index, follow, max-snippet:-1, max-image-preview:large, max-video-preview:-1\" \/>\n<link rel=\"canonical\" href=\"https:\/\/www.linbis.com\/es\/envios-maritimos\/\" \/>\n<meta property=\"og:locale\" content=\"es_ES\" \/>\n<meta property=\"og:type\" content=\"article\" \/>\n<meta property=\"og:title\" content=\"Env\u00edos Mar\u00edtimos\" \/>\n<meta property=\"og:description\" content=\"Software de env\u00edos mar\u00edtimos puede crear Certificado de origen, Manifiesto de carga oce\u00e1nica, Plan de carga de contenedores, seguimiento de envios maritimos\" \/>\n<meta property=\"og:url\" content=\"https:\/\/www.linbis.com\/es\/envios-maritimos\/\" \/>\n<meta property=\"og:site_name\" content=\"Linbis Logistics Software\" \/>\n<meta property=\"article:publisher\" content=\"https:\/\/www.facebook.com\/linbiscloud\/\" \/>\n<meta property=\"article:modified_time\" content=\"2019-01-07T21:21:05+00:00\" \/>\n<meta property=\"og:image\" content=\"https:\/\/www.linbis.com\/wp-content\/plugins\/revslider\/admin\/assets\/images\/transparent.png\" \/>\n<meta name=\"twitter:card\" content=\"summary_large_image\" \/>\n<meta name=\"twitter:label1\" content=\"Est. reading time\" \/>\n\t<meta name=\"twitter:data1\" content=\"3 minutes\" \/>\n<script type=\"application\/ld+json\" class=\"yoast-schema-graph\">{\"@context\":\"https:\/\/schema.org\",\"@graph\":[{\"@type\":\"WebPage\",\"@id\":\"https:\/\/www.linbis.com\/es\/envios-maritimos\/\",\"url\":\"https:\/\/www.linbis.com\/es\/envios-maritimos\/\",\"name\":\"Software de Env\u00edos Mar\u00edtimos - Linbis Logistics Software\",\"isPartOf\":{\"@id\":\"https:\/\/www.linbis.com\/es\/#website\"},\"primaryImageOfPage\":{\"@id\":\"https:\/\/www.linbis.com\/es\/envios-maritimos\/#primaryimage\"},\"image\":{\"@id\":\"https:\/\/www.linbis.com\/es\/envios-maritimos\/#primaryimage\"},\"thumbnailUrl\":\"https:\/\/www.linbis.com\/wp-content\/plugins\/revslider\/admin\/assets\/images\/transparent.png\",\"datePublished\":\"2018-10-21T14:29:51+00:00\",\"dateModified\":\"2019-01-07T21:21:05+00:00\",\"description\":\"Software de env\u00edos mar\u00edtimos puede crear Certificado de origen, Manifiesto de carga oce\u00e1nica, Plan de carga de contenedores, seguimiento de envios maritimos\",\"breadcrumb\":{\"@id\":\"https:\/\/www.linbis.com\/es\/envios-maritimos\/#breadcrumb\"},\"inLanguage\":\"es-ES\",\"potentialAction\":[{\"@type\":\"ReadAction\",\"target\":[\"https:\/\/www.linbis.com\/es\/envios-maritimos\/\"]}]},{\"@type\":\"ImageObject\",\"inLanguage\":\"es-ES\",\"@id\":\"https:\/\/www.linbis.com\/es\/envios-maritimos\/#primaryimage\",\"url\":\"https:\/\/www.linbis.com\/wp-content\/plugins\/revslider\/admin\/assets\/images\/transparent.png\",\"contentUrl\":\"https:\/\/www.linbis.com\/wp-content\/plugins\/revslider\/admin\/assets\/images\/transparent.png\"},{\"@type\":\"BreadcrumbList\",\"@id\":\"https:\/\/www.linbis.com\/es\/envios-maritimos\/#breadcrumb\",\"itemListElement\":[{\"@type\":\"ListItem\",\"position\":1,\"name\":\"Home\",\"item\":\"https:\/\/www.linbis.com\/es\/\"},{\"@type\":\"ListItem\",\"position\":2,\"name\":\"Env\u00edos Mar\u00edtimos\"}]},{\"@type\":\"WebSite\",\"@id\":\"https:\/\/www.linbis.com\/es\/#website\",\"url\":\"https:\/\/www.linbis.com\/es\/\",\"name\":\"Linbis Logistics Software\",\"description\":\"Logistic Software\",\"publisher\":{\"@id\":\"https:\/\/www.linbis.com\/es\/#organization\"},\"potentialAction\":[{\"@type\":\"SearchAction\",\"target\":{\"@type\":\"EntryPoint\",\"urlTemplate\":\"https:\/\/www.linbis.com\/es\/?s={search_term_string}\"},\"query-input\":\"required name=search_term_string\"}],\"inLanguage\":\"es-ES\"},{\"@type\":\"Organization\",\"@id\":\"https:\/\/www.linbis.com\/es\/#organization\",\"name\":\"Linbis, Inc.\",\"url\":\"https:\/\/www.linbis.com\/es\/\",\"logo\":{\"@type\":\"ImageObject\",\"inLanguage\":\"es-ES\",\"@id\":\"https:\/\/www.linbis.com\/es\/#\/schema\/logo\/image\/\",\"url\":\"https:\/\/www.linbis.com\/wp-content\/uploads\/2017\/03\/logo2x.png\",\"contentUrl\":\"https:\/\/www.linbis.com\/wp-content\/uploads\/2017\/03\/logo2x.png\",\"width\":494,\"height\":170,\"caption\":\"Linbis, Inc.\"},\"image\":{\"@id\":\"https:\/\/www.linbis.com\/es\/#\/schema\/logo\/image\/\"},\"sameAs\":[\"https:\/\/www.facebook.com\/linbiscloud\/\"]}]}<\/script>\n<!-- \/ Yoast SEO Premium plugin. -->","yoast_head_json":{"title":"Software de Env\u00edos Mar\u00edtimos - Linbis Logistics Software","description":"Software de env\u00edos mar\u00edtimos puede crear Certificado de origen, Manifiesto de carga oce\u00e1nica, Plan de carga de contenedores, seguimiento de envios maritimos","robots":{"index":"index","follow":"follow","max-snippet":"max-snippet:-1","max-image-preview":"max-image-preview:large","max-video-preview":"max-video-preview:-1"},"canonical":"https:\/\/www.linbis.com\/es\/envios-maritimos\/","og_locale":"es_ES","og_type":"article","og_title":"Env\u00edos Mar\u00edtimos","og_description":"Software de env\u00edos mar\u00edtimos puede crear Certificado de origen, Manifiesto de carga oce\u00e1nica, Plan de carga de contenedores, seguimiento de envios maritimos","og_url":"https:\/\/www.linbis.com\/es\/envios-maritimos\/","og_site_name":"Linbis Logistics Software","article_publisher":"https:\/\/www.facebook.com\/linbiscloud\/","article_modified_time":"2019-01-07T21:21:05+00:00","og_image":[{"url":"https:\/\/www.linbis.com\/wp-content\/plugins\/revslider\/admin\/assets\/images\/transparent.png"}],"twitter_card":"summary_large_image","twitter_misc":{"Est. reading time":"3 minutes"},"schema":{"@context":"https:\/\/schema.org","@graph":[{"@type":"WebPage","@id":"https:\/\/www.linbis.com\/es\/envios-maritimos\/","url":"https:\/\/www.linbis.com\/es\/envios-maritimos\/","name":"Software de Env\u00edos Mar\u00edtimos - Linbis Logistics Software","isPartOf":{"@id":"https:\/\/www.linbis.com\/es\/#website"},"primaryImageOfPage":{"@id":"https:\/\/www.linbis.com\/es\/envios-maritimos\/#primaryimage"},"image":{"@id":"https:\/\/www.linbis.com\/es\/envios-maritimos\/#primaryimage"},"thumbnailUrl":"https:\/\/www.linbis.com\/wp-content\/plugins\/revslider\/admin\/assets\/images\/transparent.png","datePublished":"2018-10-21T14:29:51+00:00","dateModified":"2019-01-07T21:21:05+00:00","description":"Software de env\u00edos mar\u00edtimos puede crear Certificado de origen, Manifiesto de carga oce\u00e1nica, Plan de carga de contenedores, seguimiento de envios maritimos","breadcrumb":{"@id":"https:\/\/www.linbis.com\/es\/envios-maritimos\/#breadcrumb"},"inLanguage":"es-ES","potentialAction":[{"@type":"ReadAction","target":["https:\/\/www.linbis.com\/es\/envios-maritimos\/"]}]},{"@type":"ImageObject","inLanguage":"es-ES","@id":"https:\/\/www.linbis.com\/es\/envios-maritimos\/#primaryimage","url":"https:\/\/www.linbis.com\/wp-content\/plugins\/revslider\/admin\/assets\/images\/transparent.png","contentUrl":"https:\/\/www.linbis.com\/wp-content\/plugins\/revslider\/admin\/assets\/images\/transparent.png"},{"@type":"BreadcrumbList","@id":"https:\/\/www.linbis.com\/es\/envios-maritimos\/#breadcrumb","itemListElement":[{"@type":"ListItem","position":1,"name":"Home","item":"https:\/\/www.linbis.com\/es\/"},{"@type":"ListItem","position":2,"name":"Env\u00edos Mar\u00edtimos"}]},{"@type":"WebSite","@id":"https:\/\/www.linbis.com\/es\/#website","url":"https:\/\/www.linbis.com\/es\/","name":"Linbis Logistics Software","description":"Logistic Software","publisher":{"@id":"https:\/\/www.linbis.com\/es\/#organization"},"potentialAction":[{"@type":"SearchAction","target":{"@type":"EntryPoint","urlTemplate":"https:\/\/www.linbis.com\/es\/?s={search_term_string}"},"query-input":"required name=search_term_string"}],"inLanguage":"es-ES"},{"@type":"Organization","@id":"https:\/\/www.linbis.com\/es\/#organization","name":"Linbis, Inc.","url":"https:\/\/www.linbis.com\/es\/","logo":{"@type":"ImageObject","inLanguage":"es-ES","@id":"https:\/\/www.linbis.com\/es\/#\/schema\/logo\/image\/","url":"https:\/\/www.linbis.com\/wp-content\/uploads\/2017\/03\/logo2x.png","contentUrl":"https:\/\/www.linbis.com\/wp-content\/uploads\/2017\/03\/logo2x.png","width":494,"height":170,"caption":"Linbis, Inc."},"image":{"@id":"https:\/\/www.linbis.com\/es\/#\/schema\/logo\/image\/"},"sameAs":["https:\/\/www.facebook.com\/linbiscloud\/"]}]}},"_links":{"self":[{"href":"https:\/\/www.linbis.com\/es\/wp-json\/wp\/v2\/pages\/3487"}],"collection":[{"href":"https:\/\/www.linbis.com\/es\/wp-json\/wp\/v2\/pages"}],"about":[{"href":"https:\/\/www.linbis.com\/es\/wp-json\/wp\/v2\/types\/page"}],"author":[{"embeddable":true,"href":"https:\/\/www.linbis.com\/es\/wp-json\/wp\/v2\/users\/9"}],"replies":[{"embeddable":true,"href":"https:\/\/www.linbis.com\/es\/wp-json\/wp\/v2\/comments?post=3487"}],"version-history":[{"count":29,"href":"https:\/\/www.linbis.com\/es\/wp-json\/wp\/v2\/pages\/3487\/revisions"}],"predecessor-version":[{"id":4766,"href":"https:\/\/www.linbis.com\/es\/wp-json\/wp\/v2\/pages\/3487\/revisions\/4766"}],"wp:attachment":[{"href":"https:\/\/www.linbis.com\/es\/wp-json\/wp\/v2\/media?parent=3487"}],"curies":[{"name":"wp","href":"https:\/\/api.w.org\/{rel}","templated":true}]}}