{"id":3448,"date":"2018-11-20T00:07:14","date_gmt":"2018-11-20T00:07:14","guid":{"rendered":"https:\/\/www.linbis.com\/?page_id=3448"},"modified":"2018-11-20T00:07:24","modified_gmt":"2018-11-20T00:07:24","slug":"software-para-manejo-de-carga","status":"publish","type":"page","link":"https:\/\/www.linbis.com\/es\/software-para-manejo-de-carga\/","title":{"rendered":"Software para manejo de Carga"},"content":{"rendered":"<div id=\"shortcode-c44ef2d87d4972ec1161dfaca311fde9\" class=\"pb-section stretch_row_content_no_paddings\">\n<div class=\"container-fluid\">\n<div class=\"row\">\n<div class=\"col-xs-12 layout-col\" id=\"shortcode-492cfd4a1e51e0e4f07d8251bf6d8b15\">\n<div class=\"wproto-slider-container\">\n<div id=\"rev_slider_14_1_wrapper\" class=\"rev_slider_wrapper fullwidthbanner-container\" style=\"margin:0px auto;background-color:transparent;padding:0px;margin-top:0px;margin-bottom:0px\">\n<!-- START REVOLUTION SLIDER 5.3.1 fullwidth mode --><\/p>\n<div id=\"rev_slider_14_1\" class=\"rev_slider fullwidthabanner tp-overflow-hidden\">\n<ul>\t<!-- SLIDE  --><\/p>\n<li>\n\t\t<!-- MAIN IMAGE --><br \/>\n\t\t<img fetchpriority=\"high\" decoding=\"async\" src=\"https:\/\/www.linbis.com\/wp-content\/plugins\/revslider\/admin\/assets\/images\/dummy.png\" alt=\"Linbis - logistics automation\" title=\"linbis-headquaters\" width=\"1920\" height=\"500\" class=\"rev-slidebg\"><br \/>\n\t\t<!-- LAYERS --><\/p>\n<p>\t\t<!-- LAYER NR. 1 --><\/p>\n<div class=\"tp-caption tp-shape tp-shapewrapper  tp-resizeme  duotone-turquoise\" id=\"slide-24-layer-1\"> <\/div>\n<p>\t\t<!-- LAYER NR. 2 --><\/p>\n<div class=\"tp-caption   tp-resizeme\" id=\"slide-24-layer-3\">Sistema para manejeos de cargas, maritimo <br \/>aereo y terrestre. <\/div>\n<p>\t\t<!-- LAYER NR. 3 --><\/p>\n<div class=\"tp-caption rev-btn  tp-resizeme\" id=\"slide-24-layer-4\"><a class=\"lightbox\" href=\"https:\/\/app.linbis.com\/\">Login &rsaquo;<\/a> <\/div>\n<p>\t\t<!-- LAYER NR. 4 --><\/p>\n<div class=\"tp-caption rev-btn  tp-resizeme\" id=\"slide-24-layer-6\"><a href=\"https:\/\/www.linbis.com\/es\/precios\/\">Prueba Gratis &rsaquo;<\/a> <\/div>\n<p>\t\t<!-- LAYER NR. 5 --><\/p>\n<div class=\"tp-caption   tp-resizeme\" id=\"slide-24-layer-10\"><img decoding=\"async\" src=\"https:\/\/www.linbis.com\/wp-content\/plugins\/revslider\/admin\/assets\/images\/dummy.png\" alt=\"Sistema logistico, Freight Forward management software\" width=\"1920\" height=\"1920\"> <\/div>\n<p>\t\t<!-- LAYER NR. 6 --><\/p>\n<div class=\"tp-caption   tp-resizeme\" id=\"slide-24-layer-12\">Linbis Para agentes  <\/div>\n<p>\t\t<!-- LAYER NR. 7 --><\/p>\n<div class=\"tp-caption   tp-resizeme\" id=\"slide-24-layer-13\">De Carga <\/div>\n<\/li>\n<\/ul>\n<div class=\"tp-bannertimer tp-bottom\"><\/div>\n<\/p><\/div>\n<p>\t\t\t\t\t\t.custom.tp-bullets{}.custom.tp-bullets:before{content:&#8221; &#8220;;position:absolute;width:100%;height:100%;background:transparent;padding:10px;margin-left:-10px;margin-top:-10px;box-sizing:content-box}.custom .tp-bullet{width:12px;height:12px;position:absolute;background:#aaa;  background:rgba(125,125,125,0.5);cursor:pointer;box-sizing:content-box}.custom .tp-bullet:hover,.custom .tp-bullet.selected{background:rgb(125,125,125)}.custom .tp-bullet-image{}.custom .tp-bullet-title{}\n\t\t\t\t<\/p><\/div>\n<p><!-- END REVOLUTION SLIDER --><\/div>\n<\/div>\n<\/div><\/div>\n<\/div>\n<div class=\"row-full-width\"><\/div>\n<div id=\"shortcode-788564b583d1344b8279f9555d684479\" class=\"pb-section stretch_row\">\n<div class=\"container-fluid\">\n<div class=\"row\">\n<div class=\"col-xs-12 col-sm-2 layout-col\" id=\"shortcode-9a21069e8a6b7c613744ce02fe4c6ef1\">\n\t<\/div>\n<div class=\"col-xs-12 col-sm-8 layout-col\" id=\"shortcode-91916573f9635510aa9fe258b037a8a9\">\n<h1 id=\"shortcode-2e9dd3f2c808e2439d6e357cb9b2b822\" class=\"wow fadeInUp\">Optimice su empresa con el mejor software de administraci\u00f3n de carga<\/h1>\n<p>Con la globalizaci\u00f3n del comercio y la creciente demanda de innovaci\u00f3n de los clientes a un ritmo r\u00e1pido y de bajo costo, las compa\u00f1\u00edas de transporte de carga de hoy en d\u00eda necesitan de un software eficiente para la administraci\u00f3n de carga, f\u00e1ciles de usar y flexibles para administrar de manera efectiva sus operaciones d\u00eda a d\u00eda.<\/p>\n<p><span style=\"font-weight: 400\">El software de gesti\u00f3n de log\u00edstica (Linbis) satisface todas las necesidades de las empresas de transporte de carga. <\/span><span style=\"font-weight: 400\">Proporcion\u00e1ndoles soluciones potentes, flexibles, eficaces e integradas.<\/span><\/p>\n<div class=\"fw-divider-line\">\n<hr \/>\n<\/div>\n<p><img decoding=\"async\" class=\"aligncenter wp-image-2444 size-full\" src=\"https:\/\/www.linbis.com\/wp-content\/uploads\/2017\/04\/Linbis-Logistics-Software-Create-Warehouse-Receipt-Add-Attachments.jpg\" alt=\"Logistics Technology Trends, freight management software\" width=\"1740\" height=\"911\" srcset=\"https:\/\/www.linbis.com\/wp-content\/uploads\/2017\/04\/Linbis-Logistics-Software-Create-Warehouse-Receipt-Add-Attachments.jpg 1740w, https:\/\/www.linbis.com\/wp-content\/uploads\/2017\/04\/Linbis-Logistics-Software-Create-Warehouse-Receipt-Add-Attachments-300x157.jpg 300w, https:\/\/www.linbis.com\/wp-content\/uploads\/2017\/04\/Linbis-Logistics-Software-Create-Warehouse-Receipt-Add-Attachments-600x314.jpg 600w, https:\/\/www.linbis.com\/wp-content\/uploads\/2017\/04\/Linbis-Logistics-Software-Create-Warehouse-Receipt-Add-Attachments-768x402.jpg 768w, https:\/\/www.linbis.com\/wp-content\/uploads\/2017\/04\/Linbis-Logistics-Software-Create-Warehouse-Receipt-Add-Attachments-1024x536.jpg 1024w\" sizes=\"(max-width: 1740px) 100vw, 1740px\" \/><\/p>\n<h2><\/h2>\n<div class=\"fw-divider-line\">\n<hr \/>\n<\/div>\n<h2><span style=\"font-weight: 400\">El software de gesti\u00f3n log\u00edstica, le ofrece :<\/span><\/h2>\n<ul>\n<li>\n<h3><span style=\"font-weight: 400;color: #008000\">Control de recibo de carga<\/span><\/h3>\n<\/li>\n<li>\n<h3><span style=\"font-weight: 400;color: #008000\">Almacenamiento de carga<\/span><\/h3>\n<\/li>\n<li>\n<h3><span style=\"font-weight: 400;color: #008000\">Entrada de carga<\/span><\/h3>\n<\/li>\n<li>\n<h3><span style=\"font-weight: 400;color: #008000\">Generar documentos (facturas Nacionales e Internacionales) <\/span><\/h3>\n<\/li>\n<li>\n<h3><span style=\"font-weight: 400;color: #008000\">Organizar recogidas y entregas locales<\/span><\/h3>\n<\/li>\n<li>\n<h3><span style=\"font-weight: 400;color: #008000\">Crear facturas<\/span><\/h3>\n<\/li>\n<li>\n<h3><span style=\"font-weight: 400;color: #008000\">Transacciones contables publicadas autom\u00e1ticamente en Quickbook Online <\/span><\/h3>\n<\/li>\n<li>\n<h3><span style=\"font-weight: 400;color: #008000\">Calcular precios por servicios<\/span><\/h3>\n<\/li>\n<\/ul>\n<p style=\"text-align: center\"><a class=\"button style-green\" href=\"https:\/\/www.linbis.com\/es\/precios\/\">Reg\u00edstrese GRATIS Linbis<\/a><\/p>\n<div class=\"fw-divider-line\">\n<hr \/>\n<\/div>\n<h3><strong>Linbis tambi\u00e9n le permite a su empresa enviar actualizaciones en tiempo real a sus clientes y comunicarles todo lo referente a su carga.<\/strong><\/h3>\n<p>&nbsp;<\/p>\n<p><img loading=\"lazy\" decoding=\"async\" class=\"aligncenter wp-image-2462 size-full\" src=\"https:\/\/www.linbis.com\/wp-content\/uploads\/2017\/04\/Linbis-Logistics-Software-Create-Warehouse-Receipt-Visual-Flow.jpg\" alt=\"Linbis-Logistics-Software-Create-Warehouse-Receipt-Visual-Flow\" width=\"1884\" height=\"611\" srcset=\"https:\/\/www.linbis.com\/wp-content\/uploads\/2017\/04\/Linbis-Logistics-Software-Create-Warehouse-Receipt-Visual-Flow.jpg 1884w, https:\/\/www.linbis.com\/wp-content\/uploads\/2017\/04\/Linbis-Logistics-Software-Create-Warehouse-Receipt-Visual-Flow-300x97.jpg 300w, https:\/\/www.linbis.com\/wp-content\/uploads\/2017\/04\/Linbis-Logistics-Software-Create-Warehouse-Receipt-Visual-Flow-600x195.jpg 600w, https:\/\/www.linbis.com\/wp-content\/uploads\/2017\/04\/Linbis-Logistics-Software-Create-Warehouse-Receipt-Visual-Flow-768x249.jpg 768w, https:\/\/www.linbis.com\/wp-content\/uploads\/2017\/04\/Linbis-Logistics-Software-Create-Warehouse-Receipt-Visual-Flow-1024x332.jpg 1024w\" sizes=\"(max-width: 1884px) 100vw, 1884px\" \/><\/p>\n<p>&nbsp;<\/p>\n<div class=\"fw-divider-line\">\n<hr \/>\n<\/div>\n<p>Linbis est\u00e1 dise\u00f1ado para agentes de cargar Nacionales e Internacionales que necesiten un <a href=\"https:\/\/www.linbis.com\/es\/sistema-de-control-de-inventarios\/\">sistema de gesti\u00f3n de almacenamiento<\/a>\u00a0que se se combina con un completo e integrado al\u00a0sistema de contabilidad.<\/p>\n<p>El software tiene una interfaz f\u00e1cil de usar con pantallas interactivas accesibles desde computadoras de escritorio y dispositivos m\u00f3viles.<\/p>\n<div class=\"fw-divider-line\">\n<hr \/>\n<\/div>\n<p><img loading=\"lazy\" decoding=\"async\" class=\"wp-image-2424 alignleft\" src=\"https:\/\/www.linbis.com\/wp-content\/uploads\/2017\/04\/Linbis-Logistics-Software-Create-Warehouse-Receipt-300x161.jpg\" alt=\"Linbis Logistics Software Create Warehouse Receipt, Transport Management System\" width=\"552\" height=\"296\" srcset=\"https:\/\/www.linbis.com\/wp-content\/uploads\/2017\/04\/Linbis-Logistics-Software-Create-Warehouse-Receipt-300x161.jpg 300w, https:\/\/www.linbis.com\/wp-content\/uploads\/2017\/04\/Linbis-Logistics-Software-Create-Warehouse-Receipt-600x322.jpg 600w, https:\/\/www.linbis.com\/wp-content\/uploads\/2017\/04\/Linbis-Logistics-Software-Create-Warehouse-Receipt-768x412.jpg 768w, https:\/\/www.linbis.com\/wp-content\/uploads\/2017\/04\/Linbis-Logistics-Software-Create-Warehouse-Receipt.jpg 811w\" sizes=\"(max-width: 552px) 100vw, 552px\" \/><\/p>\n<p>&nbsp;<\/p>\n<p>Este innovador<a href=\"https:\/\/www.linbis.com\/es\/\">\u00a0software de gesti\u00f3n de log\u00edstica<\/a>\u00a0puede revolucionar su empresa de transporte y ayudarlo a crecer en cada parte del negocio con todas sus caracter\u00edsticas y aplicaciones para cada actividad dentro de la industria de la log\u00edstica y la cadena de suministro.<\/p>\n<p>Linbis es ideal para los agentes que consolidan carga, agentes de reenv\u00edo, NVOCC, Couriers, 3PL, l\u00edneas a\u00e9reas, <a href=\"https:\/\/www.linbis.com\/es\/envios-maritimos\/\">transportistas mar\u00edtimos<\/a> y empresas de transporte por cami\u00f3n, tambi\u00e9n puede aprovechar el \u00a0<a href=\"https:\/\/www.linbis.com\/es\/sistema-de-transporte-aereo\/\">Software de Servicio de carga<\/a> como un servicio (SaaS) para agilizar su flujo de negocios, aumentar Productividad y obtener mayores ganancias<\/p>\n<p style=\"text-align: center\"><a class=\"button style-green\" href=\"https:\/\/www.linbis.com\/es\/precios\/\">Reg\u00edstrese GRATIS<\/a><\/p>\n<p>&nbsp;<\/p>\n<div class=\"fw-divider-line\">\n<hr \/>\n<\/div>\n<p><img loading=\"lazy\" decoding=\"async\" class=\" wp-image-2334 alignleft\" src=\"https:\/\/www.linbis.com\/wp-content\/uploads\/2017\/03\/linbis-customer-relationship-management-system-300x110.png\" alt=\"Linbis Logistics Software CRM\" width=\"535\" height=\"196\" srcset=\"https:\/\/www.linbis.com\/wp-content\/uploads\/2017\/03\/linbis-customer-relationship-management-system-300x110.png 300w, https:\/\/www.linbis.com\/wp-content\/uploads\/2017\/03\/linbis-customer-relationship-management-system-600x219.png 600w, https:\/\/www.linbis.com\/wp-content\/uploads\/2017\/03\/linbis-customer-relationship-management-system-768x281.png 768w, https:\/\/www.linbis.com\/wp-content\/uploads\/2017\/03\/linbis-customer-relationship-management-system.png 870w\" sizes=\"(max-width: 535px) 100vw, 535px\" \/><\/p>\n<p>Empresas de cualquier tama\u00f1o pueden beneficiarse del software de log\u00edstica Linbis, ya que esta dise\u00f1ado para que el software sea personalizado.\u00a0Se le puede agregar un conjunto de caracter\u00edsticas y componentes a pedido en la aplicaci\u00f3n a medida que aumenten los requisitos del negocio<\/p>\n<p>Linbis est\u00e1 completamente creado para agilizar y modernizar su negocio. Las funciones contables y operativas est\u00e1n totalmente integradas, incluida la facturaci\u00f3n, las cuentas por pagar, la recepci\u00f3n de cuentas y las conciliaciones bancarias. Obtenga cualquier documento, informe y proceso de contabilidad com\u00fan para ejecutar su negocio directamente desde la misma interfaz.<\/p>\n<p style=\"text-align: center\"><a class=\"button style-green\" href=\"https:\/\/www.linbis.com\/es\/precios\/\">Reg\u00edstrese en &#8220;LINBIS&#8221; GRATIS<\/a><\/p>\n<p>&nbsp;<\/p>\n<div class=\"fw-divider-line\">\n<hr \/>\n<\/div>\n<p style=\"text-align: center\"><img loading=\"lazy\" decoding=\"async\" class=\"wp-image-2521 alignleft\" src=\"https:\/\/www.linbis.com\/wp-content\/uploads\/2017\/05\/linbis-logistics-software-add-vehicle-300x101.jpg\" alt=\"linbis-logistics-software-add-vehicle\" width=\"547\" height=\"184\" srcset=\"https:\/\/www.linbis.com\/wp-content\/uploads\/2017\/05\/linbis-logistics-software-add-vehicle-300x101.jpg 300w, https:\/\/www.linbis.com\/wp-content\/uploads\/2017\/05\/linbis-logistics-software-add-vehicle-600x202.jpg 600w, https:\/\/www.linbis.com\/wp-content\/uploads\/2017\/05\/linbis-logistics-software-add-vehicle-768x259.jpg 768w, https:\/\/www.linbis.com\/wp-content\/uploads\/2017\/05\/linbis-logistics-software-add-vehicle.jpg 961w\" sizes=\"(max-width: 547px) 100vw, 547px\" \/><\/p>\n<p>La comunicaci\u00f3n comercial tambi\u00e9n es una funci\u00f3n clave ofrecida por Linbis, ya que aumenta sus capacidad para comunicarse de manera efectiva, brindando a sus clientes una conexi\u00f3n en l\u00ednea 24\/7 en todo el mundo. Puede enviar por correo electr\u00f3nico un seguimiento integrado en tiempo real a sus clientes directamente desde su sistema.<\/p>\n<p style=\"text-align: center\"><a class=\"button style-green\" href=\"https:\/\/www.linbis.com\/es\/precios\/\">Reg\u00edstrese GRATIS<\/a><\/p>\n<p>&nbsp;<\/p>\n<p style=\"text-align: left\">Optimice sus operaciones y su empresa crecer\u00e1 r\u00e1pidamente\u00a0<a href=\"https:\/\/www.linbis.com\/es\/\">Linbis gesti\u00f3n de log\u00edstica<\/a>.<\/p>\n<\/div>\n<div class=\"col-xs-12 col-sm-2 layout-col\" id=\"shortcode-cea5344930742e8e33b0ad49dccb8d6c\">\n\t<\/div>\n<\/div><\/div>\n<\/div>\n<div class=\"row-full-width\"><\/div>\n<p><!-- 6871b6901729f817a79337a054ebb97b --><\/p>\n","protected":false},"excerpt":{"rendered":"<p>Sistema para manejeos de cargas, maritimo aereo y terrestre. Login &rsaquo; Prueba Gratis &rsaquo; Linbis Para agentes De Carga .custom.tp-bullets{}.custom.tp-bullets:before{content:&#8221; &#8220;;position:absolute;width:100%;height:100%;background:transparent;padding:10px;margin-left:-10px;margin-top:-10px;box-sizing:content-box}.custom .tp-bullet{width:12px;height:12px;position:absolute;background:#aaa; background:rgba(125,125,125,0.5);cursor:pointer;box-sizing:content-box}.custom .tp-bullet:hover,.custom .tp-bullet.selected{background:rgb(125,125,125)}.custom .tp-bullet-image{}.custom .tp-bullet-title{} Optimice su empresa con el mejor software de administraci\u00f3n de carga Con la globalizaci\u00f3n del comercio y la creciente demanda de innovaci\u00f3n de los clientes a un ritmo [&hellip;]<\/p>\n","protected":false},"author":9,"featured_media":0,"parent":0,"menu_order":0,"comment_status":"closed","ping_status":"closed","template":"","meta":{"_monsterinsights_skip_tracking":false,"_monsterinsights_sitenote_active":false,"_monsterinsights_sitenote_note":"","_monsterinsights_sitenote_category":0,"footnotes":""},"class_list":["post-3448","page","type-page","status-publish","hentry"],"yoast_head":"<!-- This site is optimized with the Yoast SEO Premium plugin v22.5 (Yoast SEO v23.3) - https:\/\/yoast.com\/wordpress\/plugins\/seo\/ -->\n<title>Software para manejo de Carga - Agentes De Carga - Linbis Logistics<\/title>\n<meta name=\"description\" content=\"Sistema para manejo de cargas, Software para agentes de carga ylogistica. El sistema de gestion para agentes de carga, freight forwaders, distribuidores.\" \/>\n<meta name=\"robots\" content=\"index, follow, max-snippet:-1, max-image-preview:large, max-video-preview:-1\" \/>\n<link rel=\"canonical\" href=\"https:\/\/www.linbis.com\/es\/software-para-manejo-de-carga\/\" \/>\n<meta property=\"og:locale\" content=\"es_ES\" \/>\n<meta property=\"og:type\" content=\"article\" \/>\n<meta property=\"og:title\" content=\"Software para manejo de Carga\" \/>\n<meta property=\"og:description\" content=\"Sistema para manejo de cargas, Software para agentes de carga ylogistica. El sistema de gestion para agentes de carga, freight forwaders, distribuidores.\" \/>\n<meta property=\"og:url\" content=\"https:\/\/www.linbis.com\/es\/software-para-manejo-de-carga\/\" \/>\n<meta property=\"og:site_name\" content=\"Linbis Logistics Software\" \/>\n<meta property=\"article:publisher\" content=\"https:\/\/www.facebook.com\/linbiscloud\/\" \/>\n<meta property=\"article:modified_time\" content=\"2018-11-20T00:07:24+00:00\" \/>\n<meta property=\"og:image\" content=\"https:\/\/www.linbis.com\/wp-content\/plugins\/revslider\/admin\/assets\/images\/dummy.png\" \/>\n<meta name=\"twitter:card\" content=\"summary_large_image\" \/>\n<meta name=\"twitter:label1\" content=\"Est. reading time\" \/>\n\t<meta name=\"twitter:data1\" content=\"3 minutes\" \/>\n<script type=\"application\/ld+json\" class=\"yoast-schema-graph\">{\"@context\":\"https:\/\/schema.org\",\"@graph\":[{\"@type\":\"WebPage\",\"@id\":\"https:\/\/www.linbis.com\/es\/software-para-manejo-de-carga\/\",\"url\":\"https:\/\/www.linbis.com\/es\/software-para-manejo-de-carga\/\",\"name\":\"Software para manejo de Carga - Agentes De Carga - Linbis Logistics\",\"isPartOf\":{\"@id\":\"https:\/\/www.linbis.com\/es\/#website\"},\"primaryImageOfPage\":{\"@id\":\"https:\/\/www.linbis.com\/es\/software-para-manejo-de-carga\/#primaryimage\"},\"image\":{\"@id\":\"https:\/\/www.linbis.com\/es\/software-para-manejo-de-carga\/#primaryimage\"},\"thumbnailUrl\":\"https:\/\/www.linbis.com\/wp-content\/plugins\/revslider\/admin\/assets\/images\/dummy.png\",\"datePublished\":\"2018-11-20T00:07:14+00:00\",\"dateModified\":\"2018-11-20T00:07:24+00:00\",\"description\":\"Sistema para manejo de cargas, Software para agentes de carga ylogistica. El sistema de gestion para agentes de carga, freight forwaders, distribuidores.\",\"breadcrumb\":{\"@id\":\"https:\/\/www.linbis.com\/es\/software-para-manejo-de-carga\/#breadcrumb\"},\"inLanguage\":\"es-ES\",\"potentialAction\":[{\"@type\":\"ReadAction\",\"target\":[\"https:\/\/www.linbis.com\/es\/software-para-manejo-de-carga\/\"]}]},{\"@type\":\"ImageObject\",\"inLanguage\":\"es-ES\",\"@id\":\"https:\/\/www.linbis.com\/es\/software-para-manejo-de-carga\/#primaryimage\",\"url\":\"https:\/\/www.linbis.com\/wp-content\/plugins\/revslider\/admin\/assets\/images\/dummy.png\",\"contentUrl\":\"https:\/\/www.linbis.com\/wp-content\/plugins\/revslider\/admin\/assets\/images\/dummy.png\"},{\"@type\":\"BreadcrumbList\",\"@id\":\"https:\/\/www.linbis.com\/es\/software-para-manejo-de-carga\/#breadcrumb\",\"itemListElement\":[{\"@type\":\"ListItem\",\"position\":1,\"name\":\"Home\",\"item\":\"https:\/\/www.linbis.com\/es\/\"},{\"@type\":\"ListItem\",\"position\":2,\"name\":\"Software para manejo de Carga\"}]},{\"@type\":\"WebSite\",\"@id\":\"https:\/\/www.linbis.com\/es\/#website\",\"url\":\"https:\/\/www.linbis.com\/es\/\",\"name\":\"Linbis Logistics Software\",\"description\":\"Logistic Software\",\"publisher\":{\"@id\":\"https:\/\/www.linbis.com\/es\/#organization\"},\"potentialAction\":[{\"@type\":\"SearchAction\",\"target\":{\"@type\":\"EntryPoint\",\"urlTemplate\":\"https:\/\/www.linbis.com\/es\/?s={search_term_string}\"},\"query-input\":\"required name=search_term_string\"}],\"inLanguage\":\"es-ES\"},{\"@type\":\"Organization\",\"@id\":\"https:\/\/www.linbis.com\/es\/#organization\",\"name\":\"Linbis, Inc.\",\"url\":\"https:\/\/www.linbis.com\/es\/\",\"logo\":{\"@type\":\"ImageObject\",\"inLanguage\":\"es-ES\",\"@id\":\"https:\/\/www.linbis.com\/es\/#\/schema\/logo\/image\/\",\"url\":\"https:\/\/www.linbis.com\/wp-content\/uploads\/2017\/03\/logo2x.png\",\"contentUrl\":\"https:\/\/www.linbis.com\/wp-content\/uploads\/2017\/03\/logo2x.png\",\"width\":494,\"height\":170,\"caption\":\"Linbis, Inc.\"},\"image\":{\"@id\":\"https:\/\/www.linbis.com\/es\/#\/schema\/logo\/image\/\"},\"sameAs\":[\"https:\/\/www.facebook.com\/linbiscloud\/\"]}]}<\/script>\n<!-- \/ Yoast SEO Premium plugin. -->","yoast_head_json":{"title":"Software para manejo de Carga - Agentes De Carga - Linbis Logistics","description":"Sistema para manejo de cargas, Software para agentes de carga ylogistica. El sistema de gestion para agentes de carga, freight forwaders, distribuidores.","robots":{"index":"index","follow":"follow","max-snippet":"max-snippet:-1","max-image-preview":"max-image-preview:large","max-video-preview":"max-video-preview:-1"},"canonical":"https:\/\/www.linbis.com\/es\/software-para-manejo-de-carga\/","og_locale":"es_ES","og_type":"article","og_title":"Software para manejo de Carga","og_description":"Sistema para manejo de cargas, Software para agentes de carga ylogistica. El sistema de gestion para agentes de carga, freight forwaders, distribuidores.","og_url":"https:\/\/www.linbis.com\/es\/software-para-manejo-de-carga\/","og_site_name":"Linbis Logistics Software","article_publisher":"https:\/\/www.facebook.com\/linbiscloud\/","article_modified_time":"2018-11-20T00:07:24+00:00","og_image":[{"url":"https:\/\/www.linbis.com\/wp-content\/plugins\/revslider\/admin\/assets\/images\/dummy.png"}],"twitter_card":"summary_large_image","twitter_misc":{"Est. reading time":"3 minutes"},"schema":{"@context":"https:\/\/schema.org","@graph":[{"@type":"WebPage","@id":"https:\/\/www.linbis.com\/es\/software-para-manejo-de-carga\/","url":"https:\/\/www.linbis.com\/es\/software-para-manejo-de-carga\/","name":"Software para manejo de Carga - Agentes De Carga - Linbis Logistics","isPartOf":{"@id":"https:\/\/www.linbis.com\/es\/#website"},"primaryImageOfPage":{"@id":"https:\/\/www.linbis.com\/es\/software-para-manejo-de-carga\/#primaryimage"},"image":{"@id":"https:\/\/www.linbis.com\/es\/software-para-manejo-de-carga\/#primaryimage"},"thumbnailUrl":"https:\/\/www.linbis.com\/wp-content\/plugins\/revslider\/admin\/assets\/images\/dummy.png","datePublished":"2018-11-20T00:07:14+00:00","dateModified":"2018-11-20T00:07:24+00:00","description":"Sistema para manejo de cargas, Software para agentes de carga ylogistica. El sistema de gestion para agentes de carga, freight forwaders, distribuidores.","breadcrumb":{"@id":"https:\/\/www.linbis.com\/es\/software-para-manejo-de-carga\/#breadcrumb"},"inLanguage":"es-ES","potentialAction":[{"@type":"ReadAction","target":["https:\/\/www.linbis.com\/es\/software-para-manejo-de-carga\/"]}]},{"@type":"ImageObject","inLanguage":"es-ES","@id":"https:\/\/www.linbis.com\/es\/software-para-manejo-de-carga\/#primaryimage","url":"https:\/\/www.linbis.com\/wp-content\/plugins\/revslider\/admin\/assets\/images\/dummy.png","contentUrl":"https:\/\/www.linbis.com\/wp-content\/plugins\/revslider\/admin\/assets\/images\/dummy.png"},{"@type":"BreadcrumbList","@id":"https:\/\/www.linbis.com\/es\/software-para-manejo-de-carga\/#breadcrumb","itemListElement":[{"@type":"ListItem","position":1,"name":"Home","item":"https:\/\/www.linbis.com\/es\/"},{"@type":"ListItem","position":2,"name":"Software para manejo de Carga"}]},{"@type":"WebSite","@id":"https:\/\/www.linbis.com\/es\/#website","url":"https:\/\/www.linbis.com\/es\/","name":"Linbis Logistics Software","description":"Logistic Software","publisher":{"@id":"https:\/\/www.linbis.com\/es\/#organization"},"potentialAction":[{"@type":"SearchAction","target":{"@type":"EntryPoint","urlTemplate":"https:\/\/www.linbis.com\/es\/?s={search_term_string}"},"query-input":"required name=search_term_string"}],"inLanguage":"es-ES"},{"@type":"Organization","@id":"https:\/\/www.linbis.com\/es\/#organization","name":"Linbis, Inc.","url":"https:\/\/www.linbis.com\/es\/","logo":{"@type":"ImageObject","inLanguage":"es-ES","@id":"https:\/\/www.linbis.com\/es\/#\/schema\/logo\/image\/","url":"https:\/\/www.linbis.com\/wp-content\/uploads\/2017\/03\/logo2x.png","contentUrl":"https:\/\/www.linbis.com\/wp-content\/uploads\/2017\/03\/logo2x.png","width":494,"height":170,"caption":"Linbis, Inc."},"image":{"@id":"https:\/\/www.linbis.com\/es\/#\/schema\/logo\/image\/"},"sameAs":["https:\/\/www.facebook.com\/linbiscloud\/"]}]}},"_links":{"self":[{"href":"https:\/\/www.linbis.com\/es\/wp-json\/wp\/v2\/pages\/3448"}],"collection":[{"href":"https:\/\/www.linbis.com\/es\/wp-json\/wp\/v2\/pages"}],"about":[{"href":"https:\/\/www.linbis.com\/es\/wp-json\/wp\/v2\/types\/page"}],"author":[{"embeddable":true,"href":"https:\/\/www.linbis.com\/es\/wp-json\/wp\/v2\/users\/9"}],"replies":[{"embeddable":true,"href":"https:\/\/www.linbis.com\/es\/wp-json\/wp\/v2\/comments?post=3448"}],"version-history":[{"count":43,"href":"https:\/\/www.linbis.com\/es\/wp-json\/wp\/v2\/pages\/3448\/revisions"}],"predecessor-version":[{"id":4186,"href":"https:\/\/www.linbis.com\/es\/wp-json\/wp\/v2\/pages\/3448\/revisions\/4186"}],"wp:attachment":[{"href":"https:\/\/www.linbis.com\/es\/wp-json\/wp\/v2\/media?parent=3448"}],"curies":[{"name":"wp","href":"https:\/\/api.w.org\/{rel}","templated":true}]}}