{"id":2800,"date":"2017-12-04T04:05:11","date_gmt":"2017-12-04T04:05:11","guid":{"rendered":"https:\/\/www.linbis.com\/?page_id=2800"},"modified":"2019-01-07T20:55:02","modified_gmt":"2019-01-07T20:55:02","slug":"sistema-de-transporte-aereo","status":"publish","type":"page","link":"https:\/\/www.linbis.com\/es\/sistema-de-transporte-aereo\/","title":{"rendered":"Sistema de Transporte Aereo"},"content":{"rendered":"<h1 id=\"shortcode-a8c101f06386d4b845298aac8cd76b99\" class=\"\">Sistema de Transporte Aereo<\/h1>\n<p>El m\u00f3dulo de transporte aereo hace que todos los env\u00edos sean f\u00e1ciles de gestionar. Desde cotizaciones hasta consolidaci\u00f3n, dep\u00f3sitos y facturaci\u00f3n. Esto es posible con el <a href=\"https:\/\/www.linbis.com\/es\/\">sistema logistico Linbis<\/a>.<\/p>\n<p>Ya sea que realice consolidaciones o env\u00edos directos en importaciones o exportaciones. Hay pasos necesarios para el env\u00edo se reducen a solo unos pocos click. Todo mediante el uso del m\u00f3dulo del sistema de transporte a\u00e9reo de Linbis.<\/p>\n<p><img decoding=\"async\" id=\"shortcode-dd6fa7196830bf8d57d8616ff9026f9e\" class=\"img-shortcode\" src=\"\/\/www.linbis.com\/wp-content\/uploads\/2017\/03\/Airshipments-870x318.jpg\" alt=\"\" data-no-retina=\"\" \/><\/p>\n<h2>Caracter\u00edstica de nuestro m\u00f3dulo de transporte aereo:<\/h2>\n<p><strong>Air Waybills<\/strong>: Imprima y automatice su carta de transporte a\u00e9reo, el documento m\u00e1s importante y principal de toda operaci\u00f3n de transporte aereo. En el m\u00f3dulo de embarque se crean todos los documentos que cubren el transporte de carga. De un aeropuerto hasta otro aeropuerto sin ningun inconveniente y con toda su documentaci\u00f3n.<\/p>\n<p><strong>Manifiestos de carga<\/strong>: el manifiesto de carga se genera autom\u00e1ticamente cuando los env\u00edos est\u00e1n listos. NO se necesita trabajo adicional.<\/p>\n<p><strong>Confirmaciones de reserva<\/strong>: env\u00ede la confirmaci\u00f3n de reserva a sus clientes, l\u00edneas a\u00e9reas, etc. Administre toda la confirmaci\u00f3n desde un solo lugar.<\/p>\n<p><strong>Cartas de la TSA<\/strong>: Verifique el consentimiento del remitente que est\u00e1 archivada en su pantalla y as\u00ed evite enviar la carga que no cumpla con ese criterio.<\/p>\n<p><strong>Planes de carga<\/strong>: la optimizaci\u00f3n de la planificaci\u00f3n y an\u00e1lisis de carga a\u00e9rea es f\u00e1cil con sistema de transporte aereo de Linbis.<\/p>\n<p><strong>Facturas<\/strong>: cree facturas cuando se completen sus env\u00edos. Y realice un seguimiento de los pagos y las ganancias y p\u00e9rdidas.<\/p>\n<p><strong>Comisiones de agentes<\/strong>: administre todas las comisiones relacionadas con cualquier env\u00edo, calcule el total de los agentes y sepa cu\u00e1nto gana.<\/p>\n<p>El sistema de transporte aereo del sistema log\u00edstico de Linbis\u00a0tiene todos los documentos que necesita para cumplir y obtener ganancias.<\/p>\n<p><strong>Calidad de los informes<\/strong>: los remitentes y consignatarios necesitan una visibilidad constante de sus env\u00edos. Como tambi\u00e9n la prueba de la entrega. Todo lo necesario para poder comparar la calidad del servicio de un transportista.<\/p>\n<p>Todo nuestro software de tiene otras opciones, tales como el <a href=\"https:\/\/www.linbis.com\/es\/crm-de-logistica-y-transporte\/\">CRM de logistica y transporte<\/a>,\u00a0\u00a0<a href=\"https:\/\/www.linbis.com\/es\/sistema-de-control-de-inventarios\/\">sistema de control de inventarios,<\/a><\/p>\n<p>Use nuestro software log\u00edstico gratuito para comenzar a manejar sus cargas a\u00e9reas.<\/p>\n<p><!-- ba95bbb5e405d3f9c3f2c601b0f88b7b --><\/p>\n","protected":false},"excerpt":{"rendered":"<p>Sistema de Transporte Aereo El m\u00f3dulo de transporte aereo hace que todos los env\u00edos sean f\u00e1ciles de gestionar. Desde cotizaciones hasta consolidaci\u00f3n, dep\u00f3sitos y facturaci\u00f3n. Esto es posible con el sistema logistico Linbis. Ya sea que realice consolidaciones o env\u00edos directos en importaciones o exportaciones. Hay pasos necesarios para el env\u00edo se reducen a solo [&hellip;]<\/p>\n","protected":false},"author":7,"featured_media":0,"parent":0,"menu_order":0,"comment_status":"closed","ping_status":"closed","template":"elementor_header_footer","meta":{"_monsterinsights_skip_tracking":false,"_monsterinsights_sitenote_active":false,"_monsterinsights_sitenote_note":"","_monsterinsights_sitenote_category":0,"footnotes":""},"class_list":["post-2800","page","type-page","status-publish","hentry"],"yoast_head":"<!-- This site is optimized with the Yoast SEO Premium plugin v22.5 (Yoast SEO v23.3) - https:\/\/yoast.com\/wordpress\/plugins\/seo\/ -->\n<title>Sistema de Transporte Aereo - Sistema Logistico Freight Forwarder -Linbis<\/title>\n<meta name=\"description\" content=\"Sistema de Transporte Aereo Nuestro sistema de transporte aereo hace que todos los env\u00edos sean f\u00e1ciles de gestionar, cotizaciones de flete, consolidaciones.\" \/>\n<meta name=\"robots\" content=\"index, follow, max-snippet:-1, max-image-preview:large, max-video-preview:-1\" \/>\n<link rel=\"canonical\" href=\"https:\/\/www.linbis.com\/es\/sistema-de-transporte-aereo\/\" \/>\n<meta property=\"og:locale\" content=\"es_ES\" \/>\n<meta property=\"og:type\" content=\"article\" \/>\n<meta property=\"og:title\" content=\"Sistema de Transporte Aereo\" \/>\n<meta property=\"og:description\" content=\"Sistema de Transporte Aereo Nuestro sistema de transporte aereo hace que todos los env\u00edos sean f\u00e1ciles de gestionar, cotizaciones de flete, consolidaciones.\" \/>\n<meta property=\"og:url\" content=\"https:\/\/www.linbis.com\/es\/sistema-de-transporte-aereo\/\" \/>\n<meta property=\"og:site_name\" content=\"Linbis Logistics Software\" \/>\n<meta property=\"article:publisher\" content=\"https:\/\/www.facebook.com\/linbiscloud\/\" \/>\n<meta property=\"article:modified_time\" content=\"2019-01-07T20:55:02+00:00\" \/>\n<meta name=\"twitter:card\" content=\"summary_large_image\" \/>\n<meta name=\"twitter:label1\" content=\"Est. reading time\" \/>\n\t<meta name=\"twitter:data1\" content=\"2 minutes\" \/>\n<script type=\"application\/ld+json\" class=\"yoast-schema-graph\">{\"@context\":\"https:\/\/schema.org\",\"@graph\":[{\"@type\":\"WebPage\",\"@id\":\"https:\/\/www.linbis.com\/es\/sistema-de-transporte-aereo\/\",\"url\":\"https:\/\/www.linbis.com\/es\/sistema-de-transporte-aereo\/\",\"name\":\"Sistema de Transporte Aereo - Sistema Logistico Freight Forwarder -Linbis\",\"isPartOf\":{\"@id\":\"https:\/\/www.linbis.com\/es\/#website\"},\"datePublished\":\"2017-12-04T04:05:11+00:00\",\"dateModified\":\"2019-01-07T20:55:02+00:00\",\"description\":\"Sistema de Transporte Aereo Nuestro sistema de transporte aereo hace que todos los env\u00edos sean f\u00e1ciles de gestionar, cotizaciones de flete, consolidaciones.\",\"breadcrumb\":{\"@id\":\"https:\/\/www.linbis.com\/es\/sistema-de-transporte-aereo\/#breadcrumb\"},\"inLanguage\":\"es-ES\",\"potentialAction\":[{\"@type\":\"ReadAction\",\"target\":[\"https:\/\/www.linbis.com\/es\/sistema-de-transporte-aereo\/\"]}]},{\"@type\":\"BreadcrumbList\",\"@id\":\"https:\/\/www.linbis.com\/es\/sistema-de-transporte-aereo\/#breadcrumb\",\"itemListElement\":[{\"@type\":\"ListItem\",\"position\":1,\"name\":\"Home\",\"item\":\"https:\/\/www.linbis.com\/es\/\"},{\"@type\":\"ListItem\",\"position\":2,\"name\":\"Sistema de Transporte Aereo\"}]},{\"@type\":\"WebSite\",\"@id\":\"https:\/\/www.linbis.com\/es\/#website\",\"url\":\"https:\/\/www.linbis.com\/es\/\",\"name\":\"Linbis Logistics Software\",\"description\":\"Logistic Software\",\"publisher\":{\"@id\":\"https:\/\/www.linbis.com\/es\/#organization\"},\"potentialAction\":[{\"@type\":\"SearchAction\",\"target\":{\"@type\":\"EntryPoint\",\"urlTemplate\":\"https:\/\/www.linbis.com\/es\/?s={search_term_string}\"},\"query-input\":\"required name=search_term_string\"}],\"inLanguage\":\"es-ES\"},{\"@type\":\"Organization\",\"@id\":\"https:\/\/www.linbis.com\/es\/#organization\",\"name\":\"Linbis, Inc.\",\"url\":\"https:\/\/www.linbis.com\/es\/\",\"logo\":{\"@type\":\"ImageObject\",\"inLanguage\":\"es-ES\",\"@id\":\"https:\/\/www.linbis.com\/es\/#\/schema\/logo\/image\/\",\"url\":\"https:\/\/www.linbis.com\/wp-content\/uploads\/2017\/03\/logo2x.png\",\"contentUrl\":\"https:\/\/www.linbis.com\/wp-content\/uploads\/2017\/03\/logo2x.png\",\"width\":494,\"height\":170,\"caption\":\"Linbis, Inc.\"},\"image\":{\"@id\":\"https:\/\/www.linbis.com\/es\/#\/schema\/logo\/image\/\"},\"sameAs\":[\"https:\/\/www.facebook.com\/linbiscloud\/\"]}]}<\/script>\n<!-- \/ Yoast SEO Premium plugin. -->","yoast_head_json":{"title":"Sistema de Transporte Aereo - Sistema Logistico Freight Forwarder -Linbis","description":"Sistema de Transporte Aereo Nuestro sistema de transporte aereo hace que todos los env\u00edos sean f\u00e1ciles de gestionar, cotizaciones de flete, consolidaciones.","robots":{"index":"index","follow":"follow","max-snippet":"max-snippet:-1","max-image-preview":"max-image-preview:large","max-video-preview":"max-video-preview:-1"},"canonical":"https:\/\/www.linbis.com\/es\/sistema-de-transporte-aereo\/","og_locale":"es_ES","og_type":"article","og_title":"Sistema de Transporte Aereo","og_description":"Sistema de Transporte Aereo Nuestro sistema de transporte aereo hace que todos los env\u00edos sean f\u00e1ciles de gestionar, cotizaciones de flete, consolidaciones.","og_url":"https:\/\/www.linbis.com\/es\/sistema-de-transporte-aereo\/","og_site_name":"Linbis Logistics Software","article_publisher":"https:\/\/www.facebook.com\/linbiscloud\/","article_modified_time":"2019-01-07T20:55:02+00:00","twitter_card":"summary_large_image","twitter_misc":{"Est. reading time":"2 minutes"},"schema":{"@context":"https:\/\/schema.org","@graph":[{"@type":"WebPage","@id":"https:\/\/www.linbis.com\/es\/sistema-de-transporte-aereo\/","url":"https:\/\/www.linbis.com\/es\/sistema-de-transporte-aereo\/","name":"Sistema de Transporte Aereo - Sistema Logistico Freight Forwarder -Linbis","isPartOf":{"@id":"https:\/\/www.linbis.com\/es\/#website"},"datePublished":"2017-12-04T04:05:11+00:00","dateModified":"2019-01-07T20:55:02+00:00","description":"Sistema de Transporte Aereo Nuestro sistema de transporte aereo hace que todos los env\u00edos sean f\u00e1ciles de gestionar, cotizaciones de flete, consolidaciones.","breadcrumb":{"@id":"https:\/\/www.linbis.com\/es\/sistema-de-transporte-aereo\/#breadcrumb"},"inLanguage":"es-ES","potentialAction":[{"@type":"ReadAction","target":["https:\/\/www.linbis.com\/es\/sistema-de-transporte-aereo\/"]}]},{"@type":"BreadcrumbList","@id":"https:\/\/www.linbis.com\/es\/sistema-de-transporte-aereo\/#breadcrumb","itemListElement":[{"@type":"ListItem","position":1,"name":"Home","item":"https:\/\/www.linbis.com\/es\/"},{"@type":"ListItem","position":2,"name":"Sistema de Transporte Aereo"}]},{"@type":"WebSite","@id":"https:\/\/www.linbis.com\/es\/#website","url":"https:\/\/www.linbis.com\/es\/","name":"Linbis Logistics Software","description":"Logistic Software","publisher":{"@id":"https:\/\/www.linbis.com\/es\/#organization"},"potentialAction":[{"@type":"SearchAction","target":{"@type":"EntryPoint","urlTemplate":"https:\/\/www.linbis.com\/es\/?s={search_term_string}"},"query-input":"required name=search_term_string"}],"inLanguage":"es-ES"},{"@type":"Organization","@id":"https:\/\/www.linbis.com\/es\/#organization","name":"Linbis, Inc.","url":"https:\/\/www.linbis.com\/es\/","logo":{"@type":"ImageObject","inLanguage":"es-ES","@id":"https:\/\/www.linbis.com\/es\/#\/schema\/logo\/image\/","url":"https:\/\/www.linbis.com\/wp-content\/uploads\/2017\/03\/logo2x.png","contentUrl":"https:\/\/www.linbis.com\/wp-content\/uploads\/2017\/03\/logo2x.png","width":494,"height":170,"caption":"Linbis, Inc."},"image":{"@id":"https:\/\/www.linbis.com\/es\/#\/schema\/logo\/image\/"},"sameAs":["https:\/\/www.facebook.com\/linbiscloud\/"]}]}},"_links":{"self":[{"href":"https:\/\/www.linbis.com\/es\/wp-json\/wp\/v2\/pages\/2800"}],"collection":[{"href":"https:\/\/www.linbis.com\/es\/wp-json\/wp\/v2\/pages"}],"about":[{"href":"https:\/\/www.linbis.com\/es\/wp-json\/wp\/v2\/types\/page"}],"author":[{"embeddable":true,"href":"https:\/\/www.linbis.com\/es\/wp-json\/wp\/v2\/users\/7"}],"replies":[{"embeddable":true,"href":"https:\/\/www.linbis.com\/es\/wp-json\/wp\/v2\/comments?post=2800"}],"version-history":[{"count":34,"href":"https:\/\/www.linbis.com\/es\/wp-json\/wp\/v2\/pages\/2800\/revisions"}],"predecessor-version":[{"id":4756,"href":"https:\/\/www.linbis.com\/es\/wp-json\/wp\/v2\/pages\/2800\/revisions\/4756"}],"wp:attachment":[{"href":"https:\/\/www.linbis.com\/es\/wp-json\/wp\/v2\/media?parent=2800"}],"curies":[{"name":"wp","href":"https:\/\/api.w.org\/{rel}","templated":true}]}}