{"id":2793,"date":"2017-12-04T03:12:51","date_gmt":"2017-12-04T03:12:51","guid":{"rendered":"https:\/\/www.linbis.com\/?page_id=2793"},"modified":"2017-12-04T04:10:05","modified_gmt":"2017-12-04T04:10:05","slug":"crm-de-logistica-y-transporte","status":"publish","type":"page","link":"https:\/\/www.linbis.com\/es\/crm-de-logistica-y-transporte\/","title":{"rendered":"CRM De Logistica y Transporte"},"content":{"rendered":"<h1 id=\"shortcode-c47845c38b8d5225191dc0b7d6dc143e\" class=\"\">CRM De Logistica y Transporte<\/h1>\n<p><img decoding=\"async\" id=\"shortcode-19872e68686d8238a5c9ef7d69b279b2\" class=\"img-shortcode\" src=\"\/\/www.linbis.com\/wp-content\/uploads\/2017\/03\/linbis-customer-relationship-management-system-870x318.png\" alt=\"\" data-no-retina=\"\" \/><\/p>\n<h1 id=\"shortcode-c47845c38b8d5225191dc0b7d6dc143e\" class=\"\">CRM De Logistica y Transporte Para Transitarios<\/h1>\n<p>CRM de logistica y transporte para transitarios es un m\u00f3dulo imprescindible en cualquier <a href=\"https:\/\/www.linbis.com\/es\/\">software log\u00edstico<\/a>. Creemos firmemente que los clientes son la prioridad principal de cada negocio. Por esa raz\u00f3n, Linbis Logistics se construye con un CRM completamente integrado para Freight Forwarders, lo que permite a las empresas monitorear las actividades de cada cliente en detalle. Las actividades integradas incluyen el registro de llamadas telef\u00f3nicas, correos electr\u00f3nicos, eventos, tareas, ventas, quejas y propuestas, as\u00ed como el historial de pedidos y env\u00edos.<\/p>\n<p>CRM se conoce como una forma confiable de mejorar las pr\u00e1cticas de servicio al cliente de una compa\u00f1\u00eda. Como resultado, los empleados pueden responder a las consultas de los clientes de manera efectiva y oportuna. Las intervenciones oportunas permiten una toma de decisiones r\u00e1pida cuando los factores internos o externos lo hacen necesario. Adem\u00e1s, las t\u00e1cticas comerciales pueden alinearse para las relaciones comerciales y la rentabilidad a largo plazo.<\/p>\n<p>Nuestro CRM para sistema de log\u00edstica y transporte se comunican con todos nuestros modulos tales como nuestro<\/p>\n<p>&#8211;<a href=\"https:\/\/www.linbis.com\/es\/sistema-de-control-de-inventarios\/\">sistema de control de inventarios<\/a><\/p>\n<p>-Cotizaciones<\/p>\n<p>&#8211;<a href=\"https:\/\/www.linbis.com\/es\/sistema-de-transporte-aereo\/\">Sistema de Transporte Aereo<\/a>,<\/p>\n<p>-sistema de transporte Maritimo y<\/p>\n<p>-sistema de transporte Terrestre<\/p>\n<p>-Sistema de Contable<\/p>\n<p><!-- 770a6dddfeaf2244234c7fe57f1158d7 --><\/p>\n","protected":false},"excerpt":{"rendered":"<p>CRM De Logistica y Transporte CRM De Logistica y Transporte Para Transitarios CRM de logistica y transporte para transitarios es un m\u00f3dulo imprescindible en cualquier software log\u00edstico. Creemos firmemente que los clientes son la prioridad principal de cada negocio. Por esa raz\u00f3n, Linbis Logistics se construye con un CRM completamente integrado para Freight Forwarders, lo [&hellip;]<\/p>\n","protected":false},"author":7,"featured_media":0,"parent":0,"menu_order":0,"comment_status":"closed","ping_status":"closed","template":"","meta":{"_monsterinsights_skip_tracking":false,"_monsterinsights_sitenote_active":false,"_monsterinsights_sitenote_note":"","_monsterinsights_sitenote_category":0,"footnotes":""},"class_list":["post-2793","page","type-page","status-publish","hentry"],"yoast_head":"<!-- This site is optimized with the Yoast SEO Premium plugin v22.5 (Yoast SEO v23.3) - https:\/\/yoast.com\/wordpress\/plugins\/seo\/ -->\n<title>CRM de Logistica y Transporte - Software de Transporte Logistico - Linbis<\/title>\n<meta name=\"description\" content=\"Software de Logistica y Transporte con CRM Para Transitarios of Freight Forwarders, Software de Transporte Maritimo, Aereo, Terrestre para manejos de cargas\" \/>\n<meta name=\"robots\" content=\"index, follow, max-snippet:-1, max-image-preview:large, max-video-preview:-1\" \/>\n<link rel=\"canonical\" href=\"https:\/\/www.linbis.com\/es\/crm-de-logistica-y-transporte\/\" \/>\n<meta property=\"og:locale\" content=\"es_ES\" \/>\n<meta property=\"og:type\" content=\"article\" \/>\n<meta property=\"og:title\" content=\"CRM De Logistica y Transporte\" \/>\n<meta property=\"og:description\" content=\"Software de Logistica y Transporte con CRM Para Transitarios of Freight Forwarders, Software de Transporte Maritimo, Aereo, Terrestre para manejos de cargas\" \/>\n<meta property=\"og:url\" content=\"https:\/\/www.linbis.com\/es\/crm-de-logistica-y-transporte\/\" \/>\n<meta property=\"og:site_name\" content=\"Linbis Logistics Software\" \/>\n<meta property=\"article:publisher\" content=\"https:\/\/www.facebook.com\/linbiscloud\/\" \/>\n<meta property=\"article:modified_time\" content=\"2017-12-04T04:10:05+00:00\" \/>\n<meta name=\"twitter:card\" content=\"summary_large_image\" \/>\n<meta name=\"twitter:label1\" content=\"Est. reading time\" \/>\n\t<meta name=\"twitter:data1\" content=\"1 minute\" \/>\n<script type=\"application\/ld+json\" class=\"yoast-schema-graph\">{\"@context\":\"https:\/\/schema.org\",\"@graph\":[{\"@type\":\"WebPage\",\"@id\":\"https:\/\/www.linbis.com\/es\/crm-de-logistica-y-transporte\/\",\"url\":\"https:\/\/www.linbis.com\/es\/crm-de-logistica-y-transporte\/\",\"name\":\"CRM de Logistica y Transporte - Software de Transporte Logistico - Linbis\",\"isPartOf\":{\"@id\":\"https:\/\/www.linbis.com\/es\/#website\"},\"datePublished\":\"2017-12-04T03:12:51+00:00\",\"dateModified\":\"2017-12-04T04:10:05+00:00\",\"description\":\"Software de Logistica y Transporte con CRM Para Transitarios of Freight Forwarders, Software de Transporte Maritimo, Aereo, Terrestre para manejos de cargas\",\"breadcrumb\":{\"@id\":\"https:\/\/www.linbis.com\/es\/crm-de-logistica-y-transporte\/#breadcrumb\"},\"inLanguage\":\"es-ES\",\"potentialAction\":[{\"@type\":\"ReadAction\",\"target\":[\"https:\/\/www.linbis.com\/es\/crm-de-logistica-y-transporte\/\"]}]},{\"@type\":\"BreadcrumbList\",\"@id\":\"https:\/\/www.linbis.com\/es\/crm-de-logistica-y-transporte\/#breadcrumb\",\"itemListElement\":[{\"@type\":\"ListItem\",\"position\":1,\"name\":\"Home\",\"item\":\"https:\/\/www.linbis.com\/es\/\"},{\"@type\":\"ListItem\",\"position\":2,\"name\":\"CRM De Logistica y Transporte\"}]},{\"@type\":\"WebSite\",\"@id\":\"https:\/\/www.linbis.com\/es\/#website\",\"url\":\"https:\/\/www.linbis.com\/es\/\",\"name\":\"Linbis Logistics Software\",\"description\":\"Logistic Software\",\"publisher\":{\"@id\":\"https:\/\/www.linbis.com\/es\/#organization\"},\"potentialAction\":[{\"@type\":\"SearchAction\",\"target\":{\"@type\":\"EntryPoint\",\"urlTemplate\":\"https:\/\/www.linbis.com\/es\/?s={search_term_string}\"},\"query-input\":\"required name=search_term_string\"}],\"inLanguage\":\"es-ES\"},{\"@type\":\"Organization\",\"@id\":\"https:\/\/www.linbis.com\/es\/#organization\",\"name\":\"Linbis, Inc.\",\"url\":\"https:\/\/www.linbis.com\/es\/\",\"logo\":{\"@type\":\"ImageObject\",\"inLanguage\":\"es-ES\",\"@id\":\"https:\/\/www.linbis.com\/es\/#\/schema\/logo\/image\/\",\"url\":\"https:\/\/www.linbis.com\/wp-content\/uploads\/2017\/03\/logo2x.png\",\"contentUrl\":\"https:\/\/www.linbis.com\/wp-content\/uploads\/2017\/03\/logo2x.png\",\"width\":494,\"height\":170,\"caption\":\"Linbis, Inc.\"},\"image\":{\"@id\":\"https:\/\/www.linbis.com\/es\/#\/schema\/logo\/image\/\"},\"sameAs\":[\"https:\/\/www.facebook.com\/linbiscloud\/\"]}]}<\/script>\n<!-- \/ Yoast SEO Premium plugin. -->","yoast_head_json":{"title":"CRM de Logistica y Transporte - Software de Transporte Logistico - Linbis","description":"Software de Logistica y Transporte con CRM Para Transitarios of Freight Forwarders, Software de Transporte Maritimo, Aereo, Terrestre para manejos de cargas","robots":{"index":"index","follow":"follow","max-snippet":"max-snippet:-1","max-image-preview":"max-image-preview:large","max-video-preview":"max-video-preview:-1"},"canonical":"https:\/\/www.linbis.com\/es\/crm-de-logistica-y-transporte\/","og_locale":"es_ES","og_type":"article","og_title":"CRM De Logistica y Transporte","og_description":"Software de Logistica y Transporte con CRM Para Transitarios of Freight Forwarders, Software de Transporte Maritimo, Aereo, Terrestre para manejos de cargas","og_url":"https:\/\/www.linbis.com\/es\/crm-de-logistica-y-transporte\/","og_site_name":"Linbis Logistics Software","article_publisher":"https:\/\/www.facebook.com\/linbiscloud\/","article_modified_time":"2017-12-04T04:10:05+00:00","twitter_card":"summary_large_image","twitter_misc":{"Est. reading time":"1 minute"},"schema":{"@context":"https:\/\/schema.org","@graph":[{"@type":"WebPage","@id":"https:\/\/www.linbis.com\/es\/crm-de-logistica-y-transporte\/","url":"https:\/\/www.linbis.com\/es\/crm-de-logistica-y-transporte\/","name":"CRM de Logistica y Transporte - Software de Transporte Logistico - Linbis","isPartOf":{"@id":"https:\/\/www.linbis.com\/es\/#website"},"datePublished":"2017-12-04T03:12:51+00:00","dateModified":"2017-12-04T04:10:05+00:00","description":"Software de Logistica y Transporte con CRM Para Transitarios of Freight Forwarders, Software de Transporte Maritimo, Aereo, Terrestre para manejos de cargas","breadcrumb":{"@id":"https:\/\/www.linbis.com\/es\/crm-de-logistica-y-transporte\/#breadcrumb"},"inLanguage":"es-ES","potentialAction":[{"@type":"ReadAction","target":["https:\/\/www.linbis.com\/es\/crm-de-logistica-y-transporte\/"]}]},{"@type":"BreadcrumbList","@id":"https:\/\/www.linbis.com\/es\/crm-de-logistica-y-transporte\/#breadcrumb","itemListElement":[{"@type":"ListItem","position":1,"name":"Home","item":"https:\/\/www.linbis.com\/es\/"},{"@type":"ListItem","position":2,"name":"CRM De Logistica y Transporte"}]},{"@type":"WebSite","@id":"https:\/\/www.linbis.com\/es\/#website","url":"https:\/\/www.linbis.com\/es\/","name":"Linbis Logistics Software","description":"Logistic Software","publisher":{"@id":"https:\/\/www.linbis.com\/es\/#organization"},"potentialAction":[{"@type":"SearchAction","target":{"@type":"EntryPoint","urlTemplate":"https:\/\/www.linbis.com\/es\/?s={search_term_string}"},"query-input":"required name=search_term_string"}],"inLanguage":"es-ES"},{"@type":"Organization","@id":"https:\/\/www.linbis.com\/es\/#organization","name":"Linbis, Inc.","url":"https:\/\/www.linbis.com\/es\/","logo":{"@type":"ImageObject","inLanguage":"es-ES","@id":"https:\/\/www.linbis.com\/es\/#\/schema\/logo\/image\/","url":"https:\/\/www.linbis.com\/wp-content\/uploads\/2017\/03\/logo2x.png","contentUrl":"https:\/\/www.linbis.com\/wp-content\/uploads\/2017\/03\/logo2x.png","width":494,"height":170,"caption":"Linbis, Inc."},"image":{"@id":"https:\/\/www.linbis.com\/es\/#\/schema\/logo\/image\/"},"sameAs":["https:\/\/www.facebook.com\/linbiscloud\/"]}]}},"_links":{"self":[{"href":"https:\/\/www.linbis.com\/es\/wp-json\/wp\/v2\/pages\/2793"}],"collection":[{"href":"https:\/\/www.linbis.com\/es\/wp-json\/wp\/v2\/pages"}],"about":[{"href":"https:\/\/www.linbis.com\/es\/wp-json\/wp\/v2\/types\/page"}],"author":[{"embeddable":true,"href":"https:\/\/www.linbis.com\/es\/wp-json\/wp\/v2\/users\/7"}],"replies":[{"embeddable":true,"href":"https:\/\/www.linbis.com\/es\/wp-json\/wp\/v2\/comments?post=2793"}],"version-history":[{"count":7,"href":"https:\/\/www.linbis.com\/es\/wp-json\/wp\/v2\/pages\/2793\/revisions"}],"predecessor-version":[{"id":4009,"href":"https:\/\/www.linbis.com\/es\/wp-json\/wp\/v2\/pages\/2793\/revisions\/4009"}],"wp:attachment":[{"href":"https:\/\/www.linbis.com\/es\/wp-json\/wp\/v2\/media?parent=2793"}],"curies":[{"name":"wp","href":"https:\/\/api.w.org\/{rel}","templated":true}]}}